{"id":912,"date":"2022-10-25T07:24:07","date_gmt":"2022-10-25T07:24:07","guid":{"rendered":"https:\/\/wp.musikverein-oberlaa.com\/?page_id=912"},"modified":"2023-01-20T11:39:32","modified_gmt":"2023-01-20T10:39:32","slug":"dorfmusik-2-0","status":"publish","type":"page","link":"https:\/\/musikverein-oberlaa.com\/index.php\/dorfmusik-2-0\/","title":{"rendered":"Dorfmusik 2.0"},"content":{"rendered":"\t\t<div data-elementor-type=\"wp-page\" data-elementor-id=\"912\" class=\"elementor elementor-912\">\n\t\t\t\t\t\t<section class=\"elementor-section elementor-top-section elementor-element elementor-element-432f232 elementor-section-boxed elementor-section-height-default elementor-section-height-default\" data-id=\"432f232\" data-element_type=\"section\">\n\t\t\t\t\t\t<div class=\"elementor-container elementor-column-gap-default\">\n\t\t\t\t\t<div class=\"elementor-column elementor-col-50 elementor-top-column elementor-element elementor-element-2dc827e\" data-id=\"2dc827e\" data-element_type=\"column\">\n\t\t\t<div class=\"elementor-widget-wrap elementor-element-populated\">\n\t\t\t\t\t\t<div class=\"elementor-element elementor-element-94cd15f elementor-arrows-position-inside elementor-pagination-position-outside elementor-widget elementor-widget-image-carousel\" data-id=\"94cd15f\" data-element_type=\"widget\" data-settings=\"{&quot;slides_to_show&quot;:&quot;1&quot;,&quot;autoplay_speed&quot;:2000,&quot;speed&quot;:1000,&quot;navigation&quot;:&quot;both&quot;,&quot;autoplay&quot;:&quot;yes&quot;,&quot;pause_on_hover&quot;:&quot;yes&quot;,&quot;pause_on_interaction&quot;:&quot;yes&quot;,&quot;infinite&quot;:&quot;yes&quot;,&quot;effect&quot;:&quot;slide&quot;}\" data-widget_type=\"image-carousel.default\">\n\t\t\t\t<div class=\"elementor-widget-container\">\n\t\t\t\t\t\t\t<div class=\"elementor-image-carousel-wrapper swiper\" role=\"region\" aria-roledescription=\"carousel\" aria-label=\"Bild Karussell\" dir=\"ltr\">\n\t\t\t<div class=\"elementor-image-carousel swiper-wrapper\" aria-live=\"off\">\n\t\t\t\t\t\t\t\t<div class=\"swiper-slide\" role=\"group\" aria-roledescription=\"slide\" aria-label=\"1 von 10\"><figure class=\"swiper-slide-inner\"><img decoding=\"async\" class=\"swiper-slide-image\" src=\"https:\/\/musikverein-oberlaa.com\/wp-content\/uploads\/2022\/10\/2015_0629-dorfmusik-129-300x200.jpg\" alt=\"2015_0629-dorfmusik-129\" \/><\/figure><\/div><div class=\"swiper-slide\" role=\"group\" aria-roledescription=\"slide\" aria-label=\"2 von 10\"><figure class=\"swiper-slide-inner\"><img decoding=\"async\" class=\"swiper-slide-image\" src=\"https:\/\/musikverein-oberlaa.com\/wp-content\/uploads\/2022\/10\/2015_0629-dorfmusik-152-large-200x300.jpg\" alt=\"2015_0629-dorfmusik-152-large\" \/><\/figure><\/div><div class=\"swiper-slide\" role=\"group\" aria-roledescription=\"slide\" aria-label=\"3 von 10\"><figure class=\"swiper-slide-inner\"><img decoding=\"async\" class=\"swiper-slide-image\" src=\"https:\/\/musikverein-oberlaa.com\/wp-content\/uploads\/2022\/10\/2015_0629-dorfmusik-155-large-200x300.jpg\" alt=\"2015_0629-dorfmusik-155-large\" \/><\/figure><\/div><div class=\"swiper-slide\" role=\"group\" aria-roledescription=\"slide\" aria-label=\"4 von 10\"><figure class=\"swiper-slide-inner\"><img decoding=\"async\" class=\"swiper-slide-image\" src=\"https:\/\/musikverein-oberlaa.com\/wp-content\/uploads\/2022\/10\/2015_0629-dorfmusik-156-large-200x300.jpg\" alt=\"2015_0629-dorfmusik-156-large\" \/><\/figure><\/div><div class=\"swiper-slide\" role=\"group\" aria-roledescription=\"slide\" aria-label=\"5 von 10\"><figure class=\"swiper-slide-inner\"><img decoding=\"async\" class=\"swiper-slide-image\" src=\"https:\/\/musikverein-oberlaa.com\/wp-content\/uploads\/2022\/10\/2015_0629-dorfmusik-159-large-200x300.jpg\" alt=\"2015_0629-dorfmusik-159-large\" \/><\/figure><\/div><div class=\"swiper-slide\" role=\"group\" aria-roledescription=\"slide\" aria-label=\"6 von 10\"><figure class=\"swiper-slide-inner\"><img decoding=\"async\" class=\"swiper-slide-image\" src=\"https:\/\/musikverein-oberlaa.com\/wp-content\/uploads\/2022\/10\/2015_0629-dorfmusik-160-large-200x300.jpg\" alt=\"2015_0629-dorfmusik-160-large\" \/><\/figure><\/div><div class=\"swiper-slide\" role=\"group\" aria-roledescription=\"slide\" aria-label=\"7 von 10\"><figure class=\"swiper-slide-inner\"><img decoding=\"async\" class=\"swiper-slide-image\" src=\"https:\/\/musikverein-oberlaa.com\/wp-content\/uploads\/2022\/10\/2015_0629-dorfmusik-163-large-200x300.jpg\" alt=\"2015_0629-dorfmusik-163-large\" \/><\/figure><\/div><div class=\"swiper-slide\" role=\"group\" aria-roledescription=\"slide\" aria-label=\"8 von 10\"><figure class=\"swiper-slide-inner\"><img decoding=\"async\" class=\"swiper-slide-image\" src=\"https:\/\/musikverein-oberlaa.com\/wp-content\/uploads\/2022\/10\/2015_0629-dorfmusik-166-200x300.jpg\" alt=\"2015_0629-dorfmusik-166\" \/><\/figure><\/div><div class=\"swiper-slide\" role=\"group\" aria-roledescription=\"slide\" aria-label=\"9 von 10\"><figure class=\"swiper-slide-inner\"><img decoding=\"async\" class=\"swiper-slide-image\" src=\"https:\/\/musikverein-oberlaa.com\/wp-content\/uploads\/2022\/10\/2015_0629-dorfmusik-168-large-200x300.jpg\" alt=\"2015_0629-dorfmusik-168-large\" \/><\/figure><\/div><div class=\"swiper-slide\" role=\"group\" aria-roledescription=\"slide\" aria-label=\"10 von 10\"><figure class=\"swiper-slide-inner\"><img decoding=\"async\" class=\"swiper-slide-image\" src=\"https:\/\/musikverein-oberlaa.com\/wp-content\/uploads\/2022\/10\/2015_0629-dorfmusik-167-large-200x300.jpg\" alt=\"2015_0629-dorfmusik-167-large\" \/><\/figure><\/div>\t\t\t<\/div>\n\t\t\t\t\t\t\t\t\t\t\t\t<div class=\"elementor-swiper-button elementor-swiper-button-prev\" role=\"button\" tabindex=\"0\">\n\t\t\t\t\t\t<i aria-hidden=\"true\" class=\"eicon-chevron-left\"><\/i>\t\t\t\t\t<\/div>\n\t\t\t\t\t<div class=\"elementor-swiper-button elementor-swiper-button-next\" role=\"button\" tabindex=\"0\">\n\t\t\t\t\t\t<i aria-hidden=\"true\" class=\"eicon-chevron-right\"><\/i>\t\t\t\t\t<\/div>\n\t\t\t\t\n\t\t\t\t\t\t\t\t\t<div class=\"swiper-pagination\"><\/div>\n\t\t\t\t\t\t\t\t\t<\/div>\n\t\t\t\t\t\t<\/div>\n\t\t\t\t<\/div>\n\t\t\t\t\t<\/div>\n\t\t<\/div>\n\t\t\t\t<div class=\"elementor-column elementor-col-50 elementor-top-column elementor-element elementor-element-2490339\" data-id=\"2490339\" data-element_type=\"column\">\n\t\t\t<div class=\"elementor-widget-wrap elementor-element-populated\">\n\t\t\t\t\t\t<div class=\"elementor-element elementor-element-f962ff9 elementor-widget elementor-widget-text-editor\" data-id=\"f962ff9\" data-element_type=\"widget\" data-widget_type=\"text-editor.default\">\n\t\t\t\t<div class=\"elementor-widget-container\">\n\t\t\t\t\t\t\t\t\t<p>Nachdem sich die\u00a0Dorfmusik Oberlaa nach Jahrzehnten\u00a0aktiver Blasmusik leider\u00a0aufl\u00f6ste, entstand aus Musikern des Musikverein Oberlaa die Dorfmusik 2.0.\u00a0Diese Gruppe Musiker nimmt Auftritte wahr bei denen der Musikverein zu gro\u00df ist oder wie in manchen F\u00e4llen nicht spielf\u00e4hig ist. (zu wenig Musiker verf\u00fcgbar)<\/p>\t\t\t\t\t\t\t\t<\/div>\n\t\t\t\t<\/div>\n\t\t\t\t\t<\/div>\n\t\t<\/div>\n\t\t\t\t\t<\/div>\n\t\t<\/section>\n\t\t\t\t<section class=\"elementor-section elementor-top-section elementor-element elementor-element-17fbe41 elementor-section-boxed elementor-section-height-default elementor-section-height-default\" data-id=\"17fbe41\" data-element_type=\"section\">\n\t\t\t\t\t\t<div class=\"elementor-container elementor-column-gap-default\">\n\t\t\t\t\t<div class=\"elementor-column elementor-col-33 elementor-top-column elementor-element elementor-element-c028457\" data-id=\"c028457\" data-element_type=\"column\">\n\t\t\t<div class=\"elementor-widget-wrap elementor-element-populated\">\n\t\t\t\t\t\t<div class=\"elementor-element elementor-element-1f04b14 elementor-align-left elementor-widget elementor-widget-button\" data-id=\"1f04b14\" data-element_type=\"widget\" data-widget_type=\"button.default\">\n\t\t\t\t<div class=\"elementor-widget-container\">\n\t\t\t\t\t\t\t\t\t<div class=\"elementor-button-wrapper\">\n\t\t\t\t\t<a class=\"elementor-button elementor-button-link elementor-size-sm\" href=\"https:\/\/www.youtube.com\/channel\/UC0RJM4ZePpb2Mcs9LSdCShw\">\n\t\t\t\t\t\t<span class=\"elementor-button-content-wrapper\">\n\t\t\t\t\t\t<span class=\"elementor-button-icon\">\n\t\t\t\t<i aria-hidden=\"true\" class=\"fab fa-youtube\"><\/i>\t\t\t<\/span>\n\t\t\t\t\t\t\t\t\t<span class=\"elementor-button-text\">zum Youtube Kanal<\/span>\n\t\t\t\t\t<\/span>\n\t\t\t\t\t<\/a>\n\t\t\t\t<\/div>\n\t\t\t\t\t\t\t\t<\/div>\n\t\t\t\t<\/div>\n\t\t\t\t\t<\/div>\n\t\t<\/div>\n\t\t\t\t<div class=\"elementor-column elementor-col-33 elementor-top-column elementor-element elementor-element-22bc7a0\" data-id=\"22bc7a0\" data-element_type=\"column\">\n\t\t\t<div class=\"elementor-widget-wrap\">\n\t\t\t\t\t\t\t<\/div>\n\t\t<\/div>\n\t\t\t\t<div class=\"elementor-column elementor-col-33 elementor-top-column elementor-element elementor-element-943f949\" data-id=\"943f949\" data-element_type=\"column\">\n\t\t\t<div class=\"elementor-widget-wrap\">\n\t\t\t\t\t\t\t<\/div>\n\t\t<\/div>\n\t\t\t\t\t<\/div>\n\t\t<\/section>\n\t\t\t\t<section class=\"elementor-section elementor-top-section elementor-element elementor-element-d61941b elementor-section-boxed elementor-section-height-default elementor-section-height-default\" data-id=\"d61941b\" data-element_type=\"section\">\n\t\t\t\t\t\t<div class=\"elementor-container elementor-column-gap-default\">\n\t\t\t\t\t<div class=\"elementor-column elementor-col-100 elementor-top-column elementor-element elementor-element-5f26ef8\" data-id=\"5f26ef8\" data-element_type=\"column\">\n\t\t\t<div class=\"elementor-widget-wrap elementor-element-populated\">\n\t\t\t\t\t\t<div class=\"elementor-element elementor-element-29fa3cb elementor-widget elementor-widget-heading\" data-id=\"29fa3cb\" data-element_type=\"widget\" data-widget_type=\"heading.default\">\n\t\t\t\t<div class=\"elementor-widget-container\">\n\t\t\t\t\t<h3 class=\"elementor-heading-title elementor-size-default\">H\u00f6rproben<\/h3>\t\t\t\t<\/div>\n\t\t\t\t<\/div>\n\t\t\t\t\t<\/div>\n\t\t<\/div>\n\t\t\t\t\t<\/div>\n\t\t<\/section>\n\t\t\t\t<section class=\"elementor-section elementor-top-section elementor-element elementor-element-3f646d5 elementor-section-boxed elementor-section-height-default elementor-section-height-default\" data-id=\"3f646d5\" data-element_type=\"section\">\n\t\t\t\t\t\t<div class=\"elementor-container elementor-column-gap-default\">\n\t\t\t\t\t<div class=\"elementor-column elementor-col-33 elementor-top-column elementor-element elementor-element-4e1b331\" data-id=\"4e1b331\" data-element_type=\"column\">\n\t\t\t<div class=\"elementor-widget-wrap elementor-element-populated\">\n\t\t\t\t\t\t<div class=\"elementor-element elementor-element-04233f3 elementor-widget elementor-widget-text-editor\" data-id=\"04233f3\" data-element_type=\"widget\" data-widget_type=\"text-editor.default\">\n\t\t\t\t<div class=\"elementor-widget-container\">\n\t\t\t\t\t\t\t\t\t<audio class=\"wp-audio-shortcode\" id=\"audio-912-1\" preload=\"none\" style=\"width: 100%;\" controls=\"controls\"><source type=\"audio\/mpeg\" src=\"https:\/\/musikverein-oberlaa.com\/wp-content\/uploads\/2022\/10\/Katharinenpolka-fertig.mp3?_=1\" \/><a href=\"https:\/\/musikverein-oberlaa.com\/wp-content\/uploads\/2022\/10\/Katharinenpolka-fertig.mp3\">https:\/\/musikverein-oberlaa.com\/wp-content\/uploads\/2022\/10\/Katharinenpolka-fertig.mp3<\/a><\/audio><p>Katharinen Polka<\/p>\t\t\t\t\t\t\t\t<\/div>\n\t\t\t\t<\/div>\n\t\t\t\t\t<\/div>\n\t\t<\/div>\n\t\t\t\t<div class=\"elementor-column elementor-col-33 elementor-top-column elementor-element elementor-element-e25a5cc\" data-id=\"e25a5cc\" data-element_type=\"column\">\n\t\t\t<div class=\"elementor-widget-wrap elementor-element-populated\">\n\t\t\t\t\t\t<div class=\"elementor-element elementor-element-b7f6fdd elementor-widget elementor-widget-text-editor\" data-id=\"b7f6fdd\" data-element_type=\"widget\" data-widget_type=\"text-editor.default\">\n\t\t\t\t<div class=\"elementor-widget-container\">\n\t\t\t\t\t\t\t\t\t<audio class=\"wp-audio-shortcode\" id=\"audio-912-2\" preload=\"none\" style=\"width: 100%;\" controls=\"controls\"><source type=\"audio\/mpeg\" src=\"https:\/\/musikverein-oberlaa.com\/wp-content\/uploads\/2022\/11\/Marcha-de-Libertad-geschnitten.mp3?_=2\" \/><a href=\"https:\/\/musikverein-oberlaa.com\/wp-content\/uploads\/2022\/11\/Marcha-de-Libertad-geschnitten.mp3\">https:\/\/musikverein-oberlaa.com\/wp-content\/uploads\/2022\/11\/Marcha-de-Libertad-geschnitten.mp3<\/a><\/audio><p>Marcha de Libertad<\/p>\t\t\t\t\t\t\t\t<\/div>\n\t\t\t\t<\/div>\n\t\t\t\t\t<\/div>\n\t\t<\/div>\n\t\t\t\t<div class=\"elementor-column elementor-col-33 elementor-top-column elementor-element elementor-element-f2679b3\" data-id=\"f2679b3\" data-element_type=\"column\">\n\t\t\t<div class=\"elementor-widget-wrap\">\n\t\t\t\t\t\t\t<\/div>\n\t\t<\/div>\n\t\t\t\t\t<\/div>\n\t\t<\/section>\n\t\t\t\t<\/div>\n\t\t","protected":false},"excerpt":{"rendered":"<p>Zur\u00fcck Weiter Nachdem sich die\u00a0Dorfmusik Oberlaa nach Jahrzehnten\u00a0aktiver Blasmusik leider\u00a0aufl\u00f6ste, entstand aus Musikern des Musikverein Oberlaa die Dorfmusik 2.0.\u00a0Diese Gruppe Musiker nimmt Auftritte wahr bei denen der Musikverein zu gro\u00df ist oder wie in manchen F\u00e4llen nicht spielf\u00e4hig ist. (zu wenig Musiker verf\u00fcgbar) zum Youtube Kanal H\u00f6rproben Katharinen Polka Marcha de Libertad<\/p>\n","protected":false},"author":1,"featured_media":0,"parent":0,"menu_order":0,"comment_status":"closed","ping_status":"closed","template":"","meta":{"footnotes":""},"class_list":["post-912","page","type-page","status-publish","hentry"],"blocksy_meta":{"styles_descriptor":{"styles":{"desktop":"","tablet":"","mobile":""},"google_fonts":[],"version":5}},"yoast_head":"<!-- This site is optimized with the Yoast SEO plugin v26.4 - https:\/\/yoast.com\/wordpress\/plugins\/seo\/ -->\n<title>Dorfmusik 2.0 - Musikverein Oberlaa<\/title>\n<meta name=\"robots\" content=\"index, follow, max-snippet:-1, max-image-preview:large, max-video-preview:-1\" \/>\n<link rel=\"canonical\" href=\"https:\/\/musikverein-oberlaa.com\/index.php\/dorfmusik-2-0\/\" \/>\n<meta property=\"og:locale\" content=\"de_DE\" \/>\n<meta property=\"og:type\" content=\"article\" \/>\n<meta property=\"og:title\" content=\"Dorfmusik 2.0 - Musikverein Oberlaa\" \/>\n<meta property=\"og:description\" content=\"Zur\u00fcck Weiter Nachdem sich die\u00a0Dorfmusik Oberlaa nach Jahrzehnten\u00a0aktiver Blasmusik leider\u00a0aufl\u00f6ste, entstand aus Musikern des Musikverein Oberlaa die Dorfmusik 2.0.\u00a0Diese Gruppe Musiker nimmt Auftritte wahr bei denen der Musikverein zu gro\u00df ist oder wie in manchen F\u00e4llen nicht spielf\u00e4hig ist. (zu wenig Musiker verf\u00fcgbar) zum Youtube Kanal H\u00f6rproben Katharinen Polka Marcha de Libertad\" \/>\n<meta property=\"og:url\" content=\"https:\/\/musikverein-oberlaa.com\/index.php\/dorfmusik-2-0\/\" \/>\n<meta property=\"og:site_name\" content=\"Musikverein Oberlaa\" \/>\n<meta property=\"article:publisher\" content=\"https:\/\/www.facebook.com\/mvoberlaa\" \/>\n<meta property=\"article:modified_time\" content=\"2023-01-20T10:39:32+00:00\" \/>\n<meta property=\"og:image\" content=\"https:\/\/musikverein-oberlaa.com\/wp-content\/uploads\/2022\/10\/2015_0629-dorfmusik-129-300x200.jpg\" \/>\n<meta name=\"twitter:card\" content=\"summary_large_image\" \/>\n<meta name=\"twitter:label1\" content=\"Gesch\u00e4tzte Lesezeit\" \/>\n\t<meta name=\"twitter:data1\" content=\"3\u00a0Minuten\" \/>\n<script type=\"application\/ld+json\" class=\"yoast-schema-graph\">{\"@context\":\"https:\/\/schema.org\",\"@graph\":[{\"@type\":\"WebPage\",\"@id\":\"https:\/\/musikverein-oberlaa.com\/index.php\/dorfmusik-2-0\/\",\"url\":\"https:\/\/musikverein-oberlaa.com\/index.php\/dorfmusik-2-0\/\",\"name\":\"Dorfmusik 2.0 - Musikverein Oberlaa\",\"isPartOf\":{\"@id\":\"https:\/\/musikverein-oberlaa.com\/#website\"},\"primaryImageOfPage\":{\"@id\":\"https:\/\/musikverein-oberlaa.com\/index.php\/dorfmusik-2-0\/#primaryimage\"},\"image\":{\"@id\":\"https:\/\/musikverein-oberlaa.com\/index.php\/dorfmusik-2-0\/#primaryimage\"},\"thumbnailUrl\":\"https:\/\/musikverein-oberlaa.com\/wp-content\/uploads\/2022\/10\/2015_0629-dorfmusik-129-300x200.jpg\",\"datePublished\":\"2022-10-25T07:24:07+00:00\",\"dateModified\":\"2023-01-20T10:39:32+00:00\",\"breadcrumb\":{\"@id\":\"https:\/\/musikverein-oberlaa.com\/index.php\/dorfmusik-2-0\/#breadcrumb\"},\"inLanguage\":\"de\",\"potentialAction\":[{\"@type\":\"ReadAction\",\"target\":[\"https:\/\/musikverein-oberlaa.com\/index.php\/dorfmusik-2-0\/\"]}]},{\"@type\":\"ImageObject\",\"inLanguage\":\"de\",\"@id\":\"https:\/\/musikverein-oberlaa.com\/index.php\/dorfmusik-2-0\/#primaryimage\",\"url\":\"https:\/\/musikverein-oberlaa.com\/wp-content\/uploads\/2022\/10\/2015_0629-dorfmusik-129.jpg\",\"contentUrl\":\"https:\/\/musikverein-oberlaa.com\/wp-content\/uploads\/2022\/10\/2015_0629-dorfmusik-129.jpg\",\"width\":302,\"height\":201},{\"@type\":\"BreadcrumbList\",\"@id\":\"https:\/\/musikverein-oberlaa.com\/index.php\/dorfmusik-2-0\/#breadcrumb\",\"itemListElement\":[{\"@type\":\"ListItem\",\"position\":1,\"name\":\"Startseite\",\"item\":\"https:\/\/musikverein-oberlaa.com\/\"},{\"@type\":\"ListItem\",\"position\":2,\"name\":\"Dorfmusik 2.0\"}]},{\"@type\":\"WebSite\",\"@id\":\"https:\/\/musikverein-oberlaa.com\/#website\",\"url\":\"https:\/\/musikverein-oberlaa.com\/\",\"name\":\"Musikverein Oberlaa\",\"description\":\"\",\"publisher\":{\"@id\":\"https:\/\/musikverein-oberlaa.com\/#organization\"},\"alternateName\":\"MVO\",\"potentialAction\":[{\"@type\":\"SearchAction\",\"target\":{\"@type\":\"EntryPoint\",\"urlTemplate\":\"https:\/\/musikverein-oberlaa.com\/?s={search_term_string}\"},\"query-input\":{\"@type\":\"PropertyValueSpecification\",\"valueRequired\":true,\"valueName\":\"search_term_string\"}}],\"inLanguage\":\"de\"},{\"@type\":\"Organization\",\"@id\":\"https:\/\/musikverein-oberlaa.com\/#organization\",\"name\":\"Musikverein Oberlaa\",\"alternateName\":\"MVO\",\"url\":\"https:\/\/musikverein-oberlaa.com\/\",\"logo\":{\"@type\":\"ImageObject\",\"inLanguage\":\"de\",\"@id\":\"https:\/\/musikverein-oberlaa.com\/#\/schema\/logo\/image\/\",\"url\":\"https:\/\/musikverein-oberlaa.com\/wp-content\/uploads\/2022\/10\/logo.png\",\"contentUrl\":\"https:\/\/musikverein-oberlaa.com\/wp-content\/uploads\/2022\/10\/logo.png\",\"width\":150,\"height\":164,\"caption\":\"Musikverein Oberlaa\"},\"image\":{\"@id\":\"https:\/\/musikverein-oberlaa.com\/#\/schema\/logo\/image\/\"},\"sameAs\":[\"https:\/\/www.facebook.com\/mvoberlaa\",\"https:\/\/www.instagram.com\/mvoberlaa\/\"]}]}<\/script>\n<!-- \/ Yoast SEO plugin. -->","yoast_head_json":{"title":"Dorfmusik 2.0 - Musikverein Oberlaa","robots":{"index":"index","follow":"follow","max-snippet":"max-snippet:-1","max-image-preview":"max-image-preview:large","max-video-preview":"max-video-preview:-1"},"canonical":"https:\/\/musikverein-oberlaa.com\/index.php\/dorfmusik-2-0\/","og_locale":"de_DE","og_type":"article","og_title":"Dorfmusik 2.0 - Musikverein Oberlaa","og_description":"Zur\u00fcck Weiter Nachdem sich die\u00a0Dorfmusik Oberlaa nach Jahrzehnten\u00a0aktiver Blasmusik leider\u00a0aufl\u00f6ste, entstand aus Musikern des Musikverein Oberlaa die Dorfmusik 2.0.\u00a0Diese Gruppe Musiker nimmt Auftritte wahr bei denen der Musikverein zu gro\u00df ist oder wie in manchen F\u00e4llen nicht spielf\u00e4hig ist. (zu wenig Musiker verf\u00fcgbar) zum Youtube Kanal H\u00f6rproben Katharinen Polka Marcha de Libertad","og_url":"https:\/\/musikverein-oberlaa.com\/index.php\/dorfmusik-2-0\/","og_site_name":"Musikverein Oberlaa","article_publisher":"https:\/\/www.facebook.com\/mvoberlaa","article_modified_time":"2023-01-20T10:39:32+00:00","og_image":[{"url":"https:\/\/musikverein-oberlaa.com\/wp-content\/uploads\/2022\/10\/2015_0629-dorfmusik-129-300x200.jpg","type":"","width":"","height":""}],"twitter_card":"summary_large_image","twitter_misc":{"Gesch\u00e4tzte Lesezeit":"3\u00a0Minuten"},"schema":{"@context":"https:\/\/schema.org","@graph":[{"@type":"WebPage","@id":"https:\/\/musikverein-oberlaa.com\/index.php\/dorfmusik-2-0\/","url":"https:\/\/musikverein-oberlaa.com\/index.php\/dorfmusik-2-0\/","name":"Dorfmusik 2.0 - Musikverein Oberlaa","isPartOf":{"@id":"https:\/\/musikverein-oberlaa.com\/#website"},"primaryImageOfPage":{"@id":"https:\/\/musikverein-oberlaa.com\/index.php\/dorfmusik-2-0\/#primaryimage"},"image":{"@id":"https:\/\/musikverein-oberlaa.com\/index.php\/dorfmusik-2-0\/#primaryimage"},"thumbnailUrl":"https:\/\/musikverein-oberlaa.com\/wp-content\/uploads\/2022\/10\/2015_0629-dorfmusik-129-300x200.jpg","datePublished":"2022-10-25T07:24:07+00:00","dateModified":"2023-01-20T10:39:32+00:00","breadcrumb":{"@id":"https:\/\/musikverein-oberlaa.com\/index.php\/dorfmusik-2-0\/#breadcrumb"},"inLanguage":"de","potentialAction":[{"@type":"ReadAction","target":["https:\/\/musikverein-oberlaa.com\/index.php\/dorfmusik-2-0\/"]}]},{"@type":"ImageObject","inLanguage":"de","@id":"https:\/\/musikverein-oberlaa.com\/index.php\/dorfmusik-2-0\/#primaryimage","url":"https:\/\/musikverein-oberlaa.com\/wp-content\/uploads\/2022\/10\/2015_0629-dorfmusik-129.jpg","contentUrl":"https:\/\/musikverein-oberlaa.com\/wp-content\/uploads\/2022\/10\/2015_0629-dorfmusik-129.jpg","width":302,"height":201},{"@type":"BreadcrumbList","@id":"https:\/\/musikverein-oberlaa.com\/index.php\/dorfmusik-2-0\/#breadcrumb","itemListElement":[{"@type":"ListItem","position":1,"name":"Startseite","item":"https:\/\/musikverein-oberlaa.com\/"},{"@type":"ListItem","position":2,"name":"Dorfmusik 2.0"}]},{"@type":"WebSite","@id":"https:\/\/musikverein-oberlaa.com\/#website","url":"https:\/\/musikverein-oberlaa.com\/","name":"Musikverein Oberlaa","description":"","publisher":{"@id":"https:\/\/musikverein-oberlaa.com\/#organization"},"alternateName":"MVO","potentialAction":[{"@type":"SearchAction","target":{"@type":"EntryPoint","urlTemplate":"https:\/\/musikverein-oberlaa.com\/?s={search_term_string}"},"query-input":{"@type":"PropertyValueSpecification","valueRequired":true,"valueName":"search_term_string"}}],"inLanguage":"de"},{"@type":"Organization","@id":"https:\/\/musikverein-oberlaa.com\/#organization","name":"Musikverein Oberlaa","alternateName":"MVO","url":"https:\/\/musikverein-oberlaa.com\/","logo":{"@type":"ImageObject","inLanguage":"de","@id":"https:\/\/musikverein-oberlaa.com\/#\/schema\/logo\/image\/","url":"https:\/\/musikverein-oberlaa.com\/wp-content\/uploads\/2022\/10\/logo.png","contentUrl":"https:\/\/musikverein-oberlaa.com\/wp-content\/uploads\/2022\/10\/logo.png","width":150,"height":164,"caption":"Musikverein Oberlaa"},"image":{"@id":"https:\/\/musikverein-oberlaa.com\/#\/schema\/logo\/image\/"},"sameAs":["https:\/\/www.facebook.com\/mvoberlaa","https:\/\/www.instagram.com\/mvoberlaa\/"]}]}},"_links":{"self":[{"href":"https:\/\/musikverein-oberlaa.com\/index.php\/wp-json\/wp\/v2\/pages\/912","targetHints":{"allow":["GET"]}}],"collection":[{"href":"https:\/\/musikverein-oberlaa.com\/index.php\/wp-json\/wp\/v2\/pages"}],"about":[{"href":"https:\/\/musikverein-oberlaa.com\/index.php\/wp-json\/wp\/v2\/types\/page"}],"author":[{"embeddable":true,"href":"https:\/\/musikverein-oberlaa.com\/index.php\/wp-json\/wp\/v2\/users\/1"}],"replies":[{"embeddable":true,"href":"https:\/\/musikverein-oberlaa.com\/index.php\/wp-json\/wp\/v2\/comments?post=912"}],"version-history":[{"count":19,"href":"https:\/\/musikverein-oberlaa.com\/index.php\/wp-json\/wp\/v2\/pages\/912\/revisions"}],"predecessor-version":[{"id":2211,"href":"https:\/\/musikverein-oberlaa.com\/index.php\/wp-json\/wp\/v2\/pages\/912\/revisions\/2211"}],"wp:attachment":[{"href":"https:\/\/musikverein-oberlaa.com\/index.php\/wp-json\/wp\/v2\/media?parent=912"}],"curies":[{"name":"wp","href":"https:\/\/api.w.org\/{rel}","templated":true}]}}