{"id":910,"date":"2022-10-25T07:23:38","date_gmt":"2022-10-25T07:23:38","guid":{"rendered":"https:\/\/wp.musikverein-oberlaa.com\/?page_id=910"},"modified":"2024-11-19T17:14:10","modified_gmt":"2024-11-19T16:14:10","slug":"jbo","status":"publish","type":"page","link":"https:\/\/musikverein-oberlaa.com\/index.php\/jbo\/","title":{"rendered":"Jugendblasorchester Oberlaa (JBO)"},"content":{"rendered":"\t\t<div data-elementor-type=\"wp-page\" data-elementor-id=\"910\" class=\"elementor elementor-910\">\n\t\t\t\t\t\t<section class=\"elementor-section elementor-top-section elementor-element elementor-element-5197cce elementor-section-boxed elementor-section-height-default elementor-section-height-default\" data-id=\"5197cce\" data-element_type=\"section\">\n\t\t\t\t\t\t<div class=\"elementor-container elementor-column-gap-default\">\n\t\t\t\t\t<div class=\"elementor-column elementor-col-50 elementor-top-column elementor-element elementor-element-5651241\" data-id=\"5651241\" data-element_type=\"column\">\n\t\t\t<div class=\"elementor-widget-wrap elementor-element-populated\">\n\t\t\t\t\t\t<div class=\"elementor-element elementor-element-ebd751b elementor-widget elementor-widget-image\" data-id=\"ebd751b\" data-element_type=\"widget\" data-widget_type=\"image.default\">\n\t\t\t\t<div class=\"elementor-widget-container\">\n\t\t\t\t\t\t\t\t\t\t\t\t\t\t\t<img decoding=\"async\" width=\"145\" height=\"160\" src=\"https:\/\/musikverein-oberlaa.com\/wp-content\/uploads\/2022\/10\/jbo-logo-in-farbe_klein.jpg\" class=\"attachment-large size-large wp-image-1063\" alt=\"\" \/>\t\t\t\t\t\t\t\t\t\t\t\t\t\t\t<\/div>\n\t\t\t\t<\/div>\n\t\t\t\t\t<\/div>\n\t\t<\/div>\n\t\t\t\t<div class=\"elementor-column elementor-col-50 elementor-top-column elementor-element elementor-element-21b8771\" data-id=\"21b8771\" data-element_type=\"column\">\n\t\t\t<div class=\"elementor-widget-wrap elementor-element-populated\">\n\t\t\t\t\t\t<div class=\"elementor-element elementor-element-2be6554 elementor-widget elementor-widget-image\" data-id=\"2be6554\" data-element_type=\"widget\" data-widget_type=\"image.default\">\n\t\t\t\t<div class=\"elementor-widget-container\">\n\t\t\t\t\t\t\t\t\t\t\t\t\t\t\t\t<a href=\"https:\/\/musikverein-oberlaa.com\/wp-content\/uploads\/2022\/10\/img_4505-large.jpg\" data-elementor-open-lightbox=\"yes\" data-elementor-lightbox-title=\"img_4505-large\" data-e-action-hash=\"#elementor-action%3Aaction%3Dlightbox%26settings%3DeyJpZCI6MTAzOSwidXJsIjoiaHR0cHM6XC9cL211c2lrdmVyZWluLW9iZXJsYWEuY29tXC93cC1jb250ZW50XC91cGxvYWRzXC8yMDIyXC8xMFwvaW1nXzQ1MDUtbGFyZ2UuanBnIn0%3D\">\n\t\t\t\t\t\t\t<img fetchpriority=\"high\" decoding=\"async\" width=\"300\" height=\"200\" src=\"https:\/\/musikverein-oberlaa.com\/wp-content\/uploads\/2022\/10\/img_4505-large-300x200.jpg\" class=\"attachment-medium size-medium wp-image-1039\" alt=\"\" srcset=\"https:\/\/musikverein-oberlaa.com\/wp-content\/uploads\/2022\/10\/img_4505-large-300x200.jpg 300w, https:\/\/musikverein-oberlaa.com\/wp-content\/uploads\/2022\/10\/img_4505-large.jpg 640w\" sizes=\"(max-width: 300px) 100vw, 300px\" \/>\t\t\t\t\t\t\t\t<\/a>\n\t\t\t\t\t\t\t\t\t\t\t\t\t\t\t<\/div>\n\t\t\t\t<\/div>\n\t\t\t\t\t<\/div>\n\t\t<\/div>\n\t\t\t\t\t<\/div>\n\t\t<\/section>\n\t\t\t\t<section class=\"elementor-section elementor-top-section elementor-element elementor-element-1f19295 elementor-section-boxed elementor-section-height-default elementor-section-height-default\" data-id=\"1f19295\" data-element_type=\"section\">\n\t\t\t\t\t\t<div class=\"elementor-container elementor-column-gap-default\">\n\t\t\t\t\t<div class=\"elementor-column elementor-col-100 elementor-top-column elementor-element elementor-element-85523f6\" data-id=\"85523f6\" data-element_type=\"column\">\n\t\t\t<div class=\"elementor-widget-wrap elementor-element-populated\">\n\t\t\t\t\t\t<div class=\"elementor-element elementor-element-0b844be elementor-widget elementor-widget-text-editor\" data-id=\"0b844be\" data-element_type=\"widget\" data-widget_type=\"text-editor.default\">\n\t\t\t\t<div class=\"elementor-widget-container\">\n\t\t\t\t\t\t\t\t\t<p>Wie es in den meisten D\u00f6rfern \u00fcblich ist, gibt es auch in Oberlaa eine Musikkapelle. Im M\u00e4rz 1976 wurde auf Initiative von Willi Berger das JBO-Jugendblasorchester Oberlaa gegr\u00fcndet, aus dem in weiterer Folge der MVO-Musikverein Oberlaa wurde. Da das Interesse am Erlernen eines Instrumentes von Kindern und Jugendlichen aus Oberlaa und Umgebung sehr gro\u00df war, wurde im Herbst 1994 von Angelika Poszvek das heutige Jugendblasorchester Oberlaa gegr\u00fcndet. Von September 2012 bis Juni 2017 leitete Johannes Hofmann das Orchester. Sein September 2017 hat Fritz Gindlhumer diese Funktion \u00fcber.\u00a0\u00a0Kinder und Jugendliche im Alter von 8-19 Jahren musizieren jeden Freitag gemeinsam, nehmen an Konzerten des MVO teil, und bestritten am 21. 3.2015 ihre erste Konzertwertung. Die Freude \u00fcber den dortigen Erfolg war sehr gro\u00df. Seit dem Jugendseminar des Musikvereins im Sommer bereitet sich das Orchester mit gro\u00dfem Ehrgeiz und viel Freude auf den Bundeswettbewerb 2015 vor.<\/p><p><b>Musikalische Grundschulung (MG)<br \/><\/b>Ab dem 6. Lebensjahr; Einzelunterricht zu 25 Minuten auf den Instrumenten Blockfl\u00f6te und Saxonett.<\/p><p>Theorie- und Ensembleunterricht<\/p><p>ab Oktober jeden Freitag<\/p><p><b>Instrumental-Einzelunterricht<\/b><b><br \/><\/b>Eignungsfeststellung bei einer Schnupperstunde; Unterrichtseinheiten k\u00f6nnen vom jeweiligen Instrumental-Lehrer in einem gewissen Rahmen individuell angepasst werden; in den Ferien findet kein Unterricht statt; Leihinstrumente stehen f\u00fcr das erste Lernjahr (zum Gro\u00dfteil) gegen eine Kaution und einen geringen Mietbeitrag zur Verf\u00fcgung. Folgende Instrumente werden von ausgebildeten Instrumental-Lehrern und Lehrerinnen angeboten:<\/p><p><b>Blockfl\u00f6te, Saxonett, Querfl\u00f6te,\u00a0 Klarinette,\u00a0 Saxophon,\u00a0 Trompete,\u00a0 Fl\u00fcgelhorn,\u00a0 <br \/>Horn,\u00a0 Tenorhorn,\u00a0 Posaune,\u00a0 Tuba,\u00a0 Schlagwerk<\/b><b><a>\u00a0<\/a> <i><\/i><\/b><\/p><p>Bei Interesse melde Dich einfach per <strong><a href=\"mailto:nachwuchs@musikverein-oberlaa.com\">Mail <\/a><\/strong>oder unter 0699\/10217290.<\/p><p><b><i><\/i><\/b>Der Unterricht findet in den eigenen R\u00e4umlichkeiten des Musikvereines Oberlaa statt <br \/>(1100 Wien, Laaerbergstra\u00dfe 327-329 &#8211; Auffahrt direkt am Kreisverkehr; <br \/>Parkplatz vorhanden).<\/p>\t\t\t\t\t\t\t\t<\/div>\n\t\t\t\t<\/div>\n\t\t\t\t\t<\/div>\n\t\t<\/div>\n\t\t\t\t\t<\/div>\n\t\t<\/section>\n\t\t\t\t<\/div>\n\t\t","protected":false},"excerpt":{"rendered":"<p>Wie es in den meisten D\u00f6rfern \u00fcblich ist, gibt es auch in Oberlaa eine Musikkapelle. Im M\u00e4rz 1976 wurde auf Initiative von Willi Berger das JBO-Jugendblasorchester Oberlaa gegr\u00fcndet, aus dem in weiterer Folge der MVO-Musikverein Oberlaa wurde. Da das Interesse am Erlernen eines Instrumentes von Kindern und Jugendlichen aus Oberlaa und Umgebung sehr gro\u00df war, wurde im Herbst 1994 von Angelika Poszvek das heutige Jugendblasorchester Oberlaa gegr\u00fcndet. Von September 2012 bis Juni 2017 leitete Johannes Hofmann das Orchester. Sein September 2017 hat Fritz Gindlhumer diese Funktion \u00fcber.\u00a0\u00a0Kinder und Jugendliche im Alter von 8-19 Jahren musizieren jeden Freitag gemeinsam, nehmen an\u2026<\/p>\n","protected":false},"author":1,"featured_media":0,"parent":0,"menu_order":0,"comment_status":"closed","ping_status":"closed","template":"","meta":{"footnotes":""},"class_list":["post-910","page","type-page","status-publish","hentry"],"blocksy_meta":{"styles_descriptor":{"styles":{"desktop":"","tablet":"","mobile":""},"google_fonts":[],"version":5}},"yoast_head":"<!-- This site is optimized with the Yoast SEO plugin v26.4 - https:\/\/yoast.com\/wordpress\/plugins\/seo\/ -->\n<title>Jugendblasorchester Oberlaa (JBO) - Musikverein Oberlaa<\/title>\n<meta name=\"robots\" content=\"index, follow, max-snippet:-1, max-image-preview:large, max-video-preview:-1\" \/>\n<link rel=\"canonical\" href=\"https:\/\/musikverein-oberlaa.com\/index.php\/jbo\/\" \/>\n<meta property=\"og:locale\" content=\"de_DE\" \/>\n<meta property=\"og:type\" content=\"article\" \/>\n<meta property=\"og:title\" content=\"Jugendblasorchester Oberlaa (JBO) - Musikverein Oberlaa\" \/>\n<meta property=\"og:description\" content=\"Wie es in den meisten D\u00f6rfern \u00fcblich ist, gibt es auch in Oberlaa eine Musikkapelle. Im M\u00e4rz 1976 wurde auf Initiative von Willi Berger das JBO-Jugendblasorchester Oberlaa gegr\u00fcndet, aus dem in weiterer Folge der MVO-Musikverein Oberlaa wurde. Da das Interesse am Erlernen eines Instrumentes von Kindern und Jugendlichen aus Oberlaa und Umgebung sehr gro\u00df war, wurde im Herbst 1994 von Angelika Poszvek das heutige Jugendblasorchester Oberlaa gegr\u00fcndet. Von September 2012 bis Juni 2017 leitete Johannes Hofmann das Orchester. Sein September 2017 hat Fritz Gindlhumer diese Funktion \u00fcber.\u00a0\u00a0Kinder und Jugendliche im Alter von 8-19 Jahren musizieren jeden Freitag gemeinsam, nehmen an\u2026\" \/>\n<meta property=\"og:url\" content=\"https:\/\/musikverein-oberlaa.com\/index.php\/jbo\/\" \/>\n<meta property=\"og:site_name\" content=\"Musikverein Oberlaa\" \/>\n<meta property=\"article:publisher\" content=\"https:\/\/www.facebook.com\/mvoberlaa\" \/>\n<meta property=\"article:modified_time\" content=\"2024-11-19T16:14:10+00:00\" \/>\n<meta property=\"og:image\" content=\"https:\/\/musikverein-oberlaa.com\/wp-content\/uploads\/2022\/10\/jbo-logo-in-farbe_klein.jpg\" \/>\n\t<meta property=\"og:image:width\" content=\"145\" \/>\n\t<meta property=\"og:image:height\" content=\"160\" \/>\n\t<meta property=\"og:image:type\" content=\"image\/jpeg\" \/>\n<meta name=\"twitter:card\" content=\"summary_large_image\" \/>\n<meta name=\"twitter:label1\" content=\"Gesch\u00e4tzte Lesezeit\" \/>\n\t<meta name=\"twitter:data1\" content=\"2\u00a0Minuten\" \/>\n<script type=\"application\/ld+json\" class=\"yoast-schema-graph\">{\"@context\":\"https:\/\/schema.org\",\"@graph\":[{\"@type\":\"WebPage\",\"@id\":\"https:\/\/musikverein-oberlaa.com\/index.php\/jbo\/\",\"url\":\"https:\/\/musikverein-oberlaa.com\/index.php\/jbo\/\",\"name\":\"Jugendblasorchester Oberlaa (JBO) - Musikverein Oberlaa\",\"isPartOf\":{\"@id\":\"https:\/\/musikverein-oberlaa.com\/#website\"},\"primaryImageOfPage\":{\"@id\":\"https:\/\/musikverein-oberlaa.com\/index.php\/jbo\/#primaryimage\"},\"image\":{\"@id\":\"https:\/\/musikverein-oberlaa.com\/index.php\/jbo\/#primaryimage\"},\"thumbnailUrl\":\"https:\/\/musikverein-oberlaa.com\/wp-content\/uploads\/2022\/10\/jbo-logo-in-farbe_klein.jpg\",\"datePublished\":\"2022-10-25T07:23:38+00:00\",\"dateModified\":\"2024-11-19T16:14:10+00:00\",\"breadcrumb\":{\"@id\":\"https:\/\/musikverein-oberlaa.com\/index.php\/jbo\/#breadcrumb\"},\"inLanguage\":\"de\",\"potentialAction\":[{\"@type\":\"ReadAction\",\"target\":[\"https:\/\/musikverein-oberlaa.com\/index.php\/jbo\/\"]}]},{\"@type\":\"ImageObject\",\"inLanguage\":\"de\",\"@id\":\"https:\/\/musikverein-oberlaa.com\/index.php\/jbo\/#primaryimage\",\"url\":\"https:\/\/musikverein-oberlaa.com\/wp-content\/uploads\/2022\/10\/jbo-logo-in-farbe_klein.jpg\",\"contentUrl\":\"https:\/\/musikverein-oberlaa.com\/wp-content\/uploads\/2022\/10\/jbo-logo-in-farbe_klein.jpg\",\"width\":145,\"height\":160},{\"@type\":\"BreadcrumbList\",\"@id\":\"https:\/\/musikverein-oberlaa.com\/index.php\/jbo\/#breadcrumb\",\"itemListElement\":[{\"@type\":\"ListItem\",\"position\":1,\"name\":\"Startseite\",\"item\":\"https:\/\/musikverein-oberlaa.com\/\"},{\"@type\":\"ListItem\",\"position\":2,\"name\":\"Jugendblasorchester Oberlaa (JBO)\"}]},{\"@type\":\"WebSite\",\"@id\":\"https:\/\/musikverein-oberlaa.com\/#website\",\"url\":\"https:\/\/musikverein-oberlaa.com\/\",\"name\":\"Musikverein Oberlaa\",\"description\":\"\",\"publisher\":{\"@id\":\"https:\/\/musikverein-oberlaa.com\/#organization\"},\"alternateName\":\"MVO\",\"potentialAction\":[{\"@type\":\"SearchAction\",\"target\":{\"@type\":\"EntryPoint\",\"urlTemplate\":\"https:\/\/musikverein-oberlaa.com\/?s={search_term_string}\"},\"query-input\":{\"@type\":\"PropertyValueSpecification\",\"valueRequired\":true,\"valueName\":\"search_term_string\"}}],\"inLanguage\":\"de\"},{\"@type\":\"Organization\",\"@id\":\"https:\/\/musikverein-oberlaa.com\/#organization\",\"name\":\"Musikverein Oberlaa\",\"alternateName\":\"MVO\",\"url\":\"https:\/\/musikverein-oberlaa.com\/\",\"logo\":{\"@type\":\"ImageObject\",\"inLanguage\":\"de\",\"@id\":\"https:\/\/musikverein-oberlaa.com\/#\/schema\/logo\/image\/\",\"url\":\"https:\/\/musikverein-oberlaa.com\/wp-content\/uploads\/2022\/10\/logo.png\",\"contentUrl\":\"https:\/\/musikverein-oberlaa.com\/wp-content\/uploads\/2022\/10\/logo.png\",\"width\":150,\"height\":164,\"caption\":\"Musikverein Oberlaa\"},\"image\":{\"@id\":\"https:\/\/musikverein-oberlaa.com\/#\/schema\/logo\/image\/\"},\"sameAs\":[\"https:\/\/www.facebook.com\/mvoberlaa\",\"https:\/\/www.instagram.com\/mvoberlaa\/\"]}]}<\/script>\n<!-- \/ Yoast SEO plugin. -->","yoast_head_json":{"title":"Jugendblasorchester Oberlaa (JBO) - Musikverein Oberlaa","robots":{"index":"index","follow":"follow","max-snippet":"max-snippet:-1","max-image-preview":"max-image-preview:large","max-video-preview":"max-video-preview:-1"},"canonical":"https:\/\/musikverein-oberlaa.com\/index.php\/jbo\/","og_locale":"de_DE","og_type":"article","og_title":"Jugendblasorchester Oberlaa (JBO) - Musikverein Oberlaa","og_description":"Wie es in den meisten D\u00f6rfern \u00fcblich ist, gibt es auch in Oberlaa eine Musikkapelle. Im M\u00e4rz 1976 wurde auf Initiative von Willi Berger das JBO-Jugendblasorchester Oberlaa gegr\u00fcndet, aus dem in weiterer Folge der MVO-Musikverein Oberlaa wurde. Da das Interesse am Erlernen eines Instrumentes von Kindern und Jugendlichen aus Oberlaa und Umgebung sehr gro\u00df war, wurde im Herbst 1994 von Angelika Poszvek das heutige Jugendblasorchester Oberlaa gegr\u00fcndet. Von September 2012 bis Juni 2017 leitete Johannes Hofmann das Orchester. Sein September 2017 hat Fritz Gindlhumer diese Funktion \u00fcber.\u00a0\u00a0Kinder und Jugendliche im Alter von 8-19 Jahren musizieren jeden Freitag gemeinsam, nehmen an\u2026","og_url":"https:\/\/musikverein-oberlaa.com\/index.php\/jbo\/","og_site_name":"Musikverein Oberlaa","article_publisher":"https:\/\/www.facebook.com\/mvoberlaa","article_modified_time":"2024-11-19T16:14:10+00:00","og_image":[{"width":145,"height":160,"url":"https:\/\/musikverein-oberlaa.com\/wp-content\/uploads\/2022\/10\/jbo-logo-in-farbe_klein.jpg","type":"image\/jpeg"}],"twitter_card":"summary_large_image","twitter_misc":{"Gesch\u00e4tzte Lesezeit":"2\u00a0Minuten"},"schema":{"@context":"https:\/\/schema.org","@graph":[{"@type":"WebPage","@id":"https:\/\/musikverein-oberlaa.com\/index.php\/jbo\/","url":"https:\/\/musikverein-oberlaa.com\/index.php\/jbo\/","name":"Jugendblasorchester Oberlaa (JBO) - Musikverein Oberlaa","isPartOf":{"@id":"https:\/\/musikverein-oberlaa.com\/#website"},"primaryImageOfPage":{"@id":"https:\/\/musikverein-oberlaa.com\/index.php\/jbo\/#primaryimage"},"image":{"@id":"https:\/\/musikverein-oberlaa.com\/index.php\/jbo\/#primaryimage"},"thumbnailUrl":"https:\/\/musikverein-oberlaa.com\/wp-content\/uploads\/2022\/10\/jbo-logo-in-farbe_klein.jpg","datePublished":"2022-10-25T07:23:38+00:00","dateModified":"2024-11-19T16:14:10+00:00","breadcrumb":{"@id":"https:\/\/musikverein-oberlaa.com\/index.php\/jbo\/#breadcrumb"},"inLanguage":"de","potentialAction":[{"@type":"ReadAction","target":["https:\/\/musikverein-oberlaa.com\/index.php\/jbo\/"]}]},{"@type":"ImageObject","inLanguage":"de","@id":"https:\/\/musikverein-oberlaa.com\/index.php\/jbo\/#primaryimage","url":"https:\/\/musikverein-oberlaa.com\/wp-content\/uploads\/2022\/10\/jbo-logo-in-farbe_klein.jpg","contentUrl":"https:\/\/musikverein-oberlaa.com\/wp-content\/uploads\/2022\/10\/jbo-logo-in-farbe_klein.jpg","width":145,"height":160},{"@type":"BreadcrumbList","@id":"https:\/\/musikverein-oberlaa.com\/index.php\/jbo\/#breadcrumb","itemListElement":[{"@type":"ListItem","position":1,"name":"Startseite","item":"https:\/\/musikverein-oberlaa.com\/"},{"@type":"ListItem","position":2,"name":"Jugendblasorchester Oberlaa (JBO)"}]},{"@type":"WebSite","@id":"https:\/\/musikverein-oberlaa.com\/#website","url":"https:\/\/musikverein-oberlaa.com\/","name":"Musikverein Oberlaa","description":"","publisher":{"@id":"https:\/\/musikverein-oberlaa.com\/#organization"},"alternateName":"MVO","potentialAction":[{"@type":"SearchAction","target":{"@type":"EntryPoint","urlTemplate":"https:\/\/musikverein-oberlaa.com\/?s={search_term_string}"},"query-input":{"@type":"PropertyValueSpecification","valueRequired":true,"valueName":"search_term_string"}}],"inLanguage":"de"},{"@type":"Organization","@id":"https:\/\/musikverein-oberlaa.com\/#organization","name":"Musikverein Oberlaa","alternateName":"MVO","url":"https:\/\/musikverein-oberlaa.com\/","logo":{"@type":"ImageObject","inLanguage":"de","@id":"https:\/\/musikverein-oberlaa.com\/#\/schema\/logo\/image\/","url":"https:\/\/musikverein-oberlaa.com\/wp-content\/uploads\/2022\/10\/logo.png","contentUrl":"https:\/\/musikverein-oberlaa.com\/wp-content\/uploads\/2022\/10\/logo.png","width":150,"height":164,"caption":"Musikverein Oberlaa"},"image":{"@id":"https:\/\/musikverein-oberlaa.com\/#\/schema\/logo\/image\/"},"sameAs":["https:\/\/www.facebook.com\/mvoberlaa","https:\/\/www.instagram.com\/mvoberlaa\/"]}]}},"_links":{"self":[{"href":"https:\/\/musikverein-oberlaa.com\/index.php\/wp-json\/wp\/v2\/pages\/910","targetHints":{"allow":["GET"]}}],"collection":[{"href":"https:\/\/musikverein-oberlaa.com\/index.php\/wp-json\/wp\/v2\/pages"}],"about":[{"href":"https:\/\/musikverein-oberlaa.com\/index.php\/wp-json\/wp\/v2\/types\/page"}],"author":[{"embeddable":true,"href":"https:\/\/musikverein-oberlaa.com\/index.php\/wp-json\/wp\/v2\/users\/1"}],"replies":[{"embeddable":true,"href":"https:\/\/musikverein-oberlaa.com\/index.php\/wp-json\/wp\/v2\/comments?post=910"}],"version-history":[{"count":22,"href":"https:\/\/musikverein-oberlaa.com\/index.php\/wp-json\/wp\/v2\/pages\/910\/revisions"}],"predecessor-version":[{"id":2796,"href":"https:\/\/musikverein-oberlaa.com\/index.php\/wp-json\/wp\/v2\/pages\/910\/revisions\/2796"}],"wp:attachment":[{"href":"https:\/\/musikverein-oberlaa.com\/index.php\/wp-json\/wp\/v2\/media?parent=910"}],"curies":[{"name":"wp","href":"https:\/\/api.w.org\/{rel}","templated":true}]}}