{"id":847,"date":"2022-10-24T19:57:51","date_gmt":"2022-10-24T19:57:51","guid":{"rendered":"https:\/\/wp.musikverein-oberlaa.com\/?page_id=847"},"modified":"2025-10-21T08:55:44","modified_gmt":"2025-10-21T07:55:44","slug":"impressum","status":"publish","type":"page","link":"https:\/\/musikverein-oberlaa.com\/index.php\/impressum\/","title":{"rendered":"Impressum"},"content":{"rendered":"\t\t<div data-elementor-type=\"wp-page\" data-elementor-id=\"847\" class=\"elementor elementor-847\">\n\t\t\t\t\t\t<section class=\"elementor-section elementor-top-section elementor-element elementor-element-57c45f8 elementor-section-boxed elementor-section-height-default elementor-section-height-default\" data-id=\"57c45f8\" data-element_type=\"section\">\n\t\t\t\t\t\t<div class=\"elementor-container elementor-column-gap-default\">\n\t\t\t\t\t<div class=\"elementor-column elementor-col-100 elementor-top-column elementor-element elementor-element-2601291\" data-id=\"2601291\" data-element_type=\"column\">\n\t\t\t<div class=\"elementor-widget-wrap elementor-element-populated\">\n\t\t\t\t\t\t<div class=\"elementor-element elementor-element-9723619 elementor-widget elementor-widget-text-editor\" data-id=\"9723619\" data-element_type=\"widget\" data-widget_type=\"text-editor.default\">\n\t\t\t\t<div class=\"elementor-widget-container\">\n\t\t\t\t\t\t\t\t\t<div class=\"zpRow standard \"><div class=\"zpRowInner\"><div class=\"zpColumn odd zpColumnWidth1 c12\"><div class=\"zpColumnItem\"><div id=\"a2022\" class=\"articlearea zpwText\" data-articleid=\"2022\"><div class=\"zpRow standard \"><div class=\"zpRowInner\"><div class=\"zpColumn odd zpColumnWidth1 c12\"><div class=\"zpColumnItem\"><div id=\"a2022\" class=\"articlearea zpwText\" data-articleid=\"2022\"><p><strong>F\u00fcr den Inhalt Verantwortlich:<\/strong><\/p><p><b>Musikverein Oberlaa<br \/><\/b>ZVR:151690888<br \/>Laaerbergstra\u00dfe 327-329<br \/>A-1100 Wien-Oberlaa<br \/>Telefon: 01\/688 25 90<\/p><h5><strong>Haftungshinweis<\/strong><\/h5><\/div><\/div><\/div><\/div><\/div><div class=\"zpRow standard \"><div class=\"zpRowInner\"><div class=\"zpColumn odd zpColumnWidth1 c12\"><div class=\"zpColumnItem\"><div id=\"a1928\" class=\"articlearea zpwText\" data-articleid=\"1928\"><p>Trotz sorgf\u00e4ltiger inhaltlicher Kontrolle \u00fcbernehmen wir keine Haftung f\u00fcr die Inhalte externer Links. F\u00fcr den Inhalt der verlinkten Seiten sind ausschlie\u00dflich deren Betreiber verantwortlich.Diese Erkl\u00e4rung gilt f\u00fcr alle heute und zuk\u00fcnftig auf dieser Website angebrachten Links und f\u00fcr alle Inhalte der Seiten.<\/p><p><strong>Datenschutz<\/strong><\/p><p>Die Betreiber dieser Seiten nehmen den Schutz Ihrer pers\u00f6nlichen Daten sehr ernst. Wir behandeln Ihre personenbezogenen Daten vertraulich und entsprechend der gesetzlichen Datenschutzvorschriften sowie dieser Datenschutzerkl\u00e4rung.<\/p><p>Die Nutzung unserer Webseite ist in der Regel ohne Angabe personenbezogener Daten m\u00f6glich. Soweit auf unseren Seiten personenbezogene Daten (beispielsweise Name, Anschrift oder E-Mail-Adressen) erhoben werden, erfolgt dies, soweit m\u00f6glich, stets auf freiwilliger Basis. Diese Daten werden ohne Ihre ausdr\u00fcckliche Zustimmung nicht an Dritte weitergegeben.<\/p><p>Wir weisen darauf hin, dass die Daten\u00fcbertragung im Internet (z.B. bei der Kommunikation per E-Mail) Sicherheitsl\u00fccken aufweisen kann. Ein l\u00fcckenloser Schutz der Daten vor dem Zugriff durch Dritte ist nicht m\u00f6glich.<\/p><p><strong>C<\/strong><strong>ookies<\/strong><\/p><p>Die Internetseiten verwenden teilweise so genannte Cookies. Cookies richten auf Ihrem Rechner keinen Schaden an und enthalten keine Viren. Cookies dienen dazu, unser Angebot nutzerfreundlicher, effektiver und sicherer zu machen. Cookies sind kleine Textdateien, die auf Ihrem Rechner abgelegt werden und die Ihr Browser speichert.<\/p><p>Die meisten der von uns verwendeten Cookies sind so genannte \u201eSession-Cookies\u201c. Sie werden nach Ende Ihres Besuchs automatisch gel\u00f6scht. Andere Cookies bleiben auf Ihrem Endger\u00e4t gespeichert, bis Sie diese l\u00f6schen. Diese Cookies erm\u00f6glichen es uns, Ihren Browser beim n\u00e4chsten Besuch wiederzuerkennen.<\/p><p>Sie k\u00f6nnen Ihren Browser so einstellen, dass Sie \u00fcber das Setzen von Cookies informiert werden und Cookies nur im Einzelfall erlauben, die Annahme von Cookies f\u00fcr bestimmte F\u00e4lle oder generell ausschlie\u00dfen sowie das automatische L\u00f6schen der Cookies beim Schlie\u00dfen des Browser aktivieren. Bei der Deaktivierung von Cookies kann die Funktionalit\u00e4t dieser Website eingeschr\u00e4nkt sein.<\/p><p><strong>Kontaktformular<\/strong><\/p><p>Wenn Sie uns per Kontaktformular Anfragen zukommen lassen, werden Ihre Angaben aus dem Anfrageformular inklusive der von Ihnen dort angegebenen Kontaktdaten zwecks Bearbeitung der Anfrage und f\u00fcr den Fall von Anschlussfragen bei uns gespeichert. Diese Daten geben wir nicht ohne Ihre Einwilligung weiter.<\/p><h6>Kalender.digital<\/h6><p>Unsere Webseite verwendet die Online Kalender Anwendung <a href=\"https:\/\/kalender.digital\" target=\"_blank\" rel=\"noopener\">Kalender.digital<\/a>, um Sie \u00fcber unsere anstehenden Termine zu informieren.<\/p><p>Bei der Nutzung von Kalender.digital werden Informationen \u00fcber die Nutzung unserer Internetseite einschlie\u00dflich Ihrer anonymisierten IP-Adresse und die von Ihnen bei Kalender.digital eingegeben Daten auf dem Kalender.digital Server gespeichert.<\/p><p>Sie k\u00f6nnen eine solche Daten\u00fcbertragung jedoch verhindern, wenn Sie in Ihrem Browser &#8222;Javascript&#8220; deaktivieren. In dem Falle k\u00f6nnen jedoch keine Termine angezeigt werden.<\/p><p>Weitere Informationen dar\u00fcber wie Kalender.digital Ihre Daten verwendet finden Sie unter: <a href=\"https:\/\/kalender.digital\/c\/privacy\" target=\"_blank\" rel=\"noopener\">https:\/\/kalender.digital\/c\/privacy<\/a><\/p><p>Rechtsgrundlage ist Artikel 6 Absatz 1 Satz 1 f) Datenschutzgrundverordnung, denn die Verarbeitung der Daten dient der Wahrung unseres berechtigten Interesses an der Verbesserung der Nutzererfahrung sowie der Bewerbung und Darstellung unserer Leistungen.<\/p><p><strong>Verwendung von Cloudflare Turnstile<\/strong><\/p><p>Wir verwenden auf unserer Website \u201eCloudflare Turnstile\u201c, einen Dienst der Cloudflare Inc., 101 Townsend St, San Francisco, CA 94107, USA. Cloudflare Turnstile dient der Unterscheidung zwischen menschlichen Nutzern und Bots, um die Sicherheit unserer Website zu erh\u00f6hen und Spam zu vermeiden.<\/p><p><strong>Funktionsweise und Datenverarbeitung<\/strong><\/p><p>Cloudflare Turnstile analysiert verschiedene technische Merkmale, um festzustellen, ob ein Besucher ein Mensch ist. Dazu k\u00f6nnen unter anderem folgende Daten verarbeitet werden:<\/p><ul><li><p>IP-Adresse des Besuchers<\/p><\/li><li><p>Mausbewegungen und Interaktionen auf der Seite<\/p><\/li><li><p>Verweildauer und Verhalten auf der Website<\/p><\/li><li><p>Informationen zum verwendeten Browser und Betriebssystem<\/p><\/li><\/ul><p>Die Verarbeitung erfolgt automatisch im Hintergrund, ohne dass der Nutzer aktiv ein CAPTCHA l\u00f6sen muss. Cloudflare verspricht, nur die minimal notwendigen Daten zu verarbeiten und keine personenbezogenen Daten f\u00fcr andere Zwecke zu verwenden<\/p><\/div><\/div><\/div><\/div><\/div><\/div><\/div><\/div><\/div><\/div>\t\t\t\t\t\t\t\t<\/div>\n\t\t\t\t<\/div>\n\t\t\t\t\t<\/div>\n\t\t<\/div>\n\t\t\t\t\t<\/div>\n\t\t<\/section>\n\t\t\t\t<\/div>\n\t\t","protected":false},"excerpt":{"rendered":"<p>F\u00fcr den Inhalt Verantwortlich: Musikverein OberlaaZVR:151690888Laaerbergstra\u00dfe 327-329A-1100 Wien-OberlaaTelefon: 01\/688 25 90 Haftungshinweis Trotz sorgf\u00e4ltiger inhaltlicher Kontrolle \u00fcbernehmen wir keine Haftung f\u00fcr die Inhalte externer Links. F\u00fcr den Inhalt der verlinkten Seiten sind ausschlie\u00dflich deren Betreiber verantwortlich.Diese Erkl\u00e4rung gilt f\u00fcr alle heute und zuk\u00fcnftig auf dieser Website angebrachten Links und f\u00fcr alle Inhalte der Seiten. Datenschutz Die Betreiber dieser Seiten nehmen den Schutz Ihrer pers\u00f6nlichen Daten sehr ernst. Wir behandeln Ihre personenbezogenen Daten vertraulich und entsprechend der gesetzlichen Datenschutzvorschriften sowie dieser Datenschutzerkl\u00e4rung. Die Nutzung unserer Webseite ist in der Regel ohne Angabe personenbezogener Daten m\u00f6glich. Soweit auf unseren Seiten personenbezogene Daten\u2026<\/p>\n","protected":false},"author":1,"featured_media":0,"parent":0,"menu_order":0,"comment_status":"closed","ping_status":"closed","template":"","meta":{"footnotes":""},"class_list":["post-847","page","type-page","status-publish","hentry"],"blocksy_meta":{"styles_descriptor":{"styles":{"desktop":"","tablet":"","mobile":""},"google_fonts":[],"version":5}},"yoast_head":"<!-- This site is optimized with the Yoast SEO plugin v26.4 - https:\/\/yoast.com\/wordpress\/plugins\/seo\/ -->\n<title>Impressum - Musikverein Oberlaa<\/title>\n<meta name=\"robots\" content=\"index, follow, max-snippet:-1, max-image-preview:large, max-video-preview:-1\" \/>\n<link rel=\"canonical\" href=\"https:\/\/musikverein-oberlaa.com\/index.php\/impressum\/\" \/>\n<meta property=\"og:locale\" content=\"de_DE\" \/>\n<meta property=\"og:type\" content=\"article\" \/>\n<meta property=\"og:title\" content=\"Impressum - Musikverein Oberlaa\" \/>\n<meta property=\"og:description\" content=\"F\u00fcr den Inhalt Verantwortlich: Musikverein OberlaaZVR:151690888Laaerbergstra\u00dfe 327-329A-1100 Wien-OberlaaTelefon: 01\/688 25 90 Haftungshinweis Trotz sorgf\u00e4ltiger inhaltlicher Kontrolle \u00fcbernehmen wir keine Haftung f\u00fcr die Inhalte externer Links. F\u00fcr den Inhalt der verlinkten Seiten sind ausschlie\u00dflich deren Betreiber verantwortlich.Diese Erkl\u00e4rung gilt f\u00fcr alle heute und zuk\u00fcnftig auf dieser Website angebrachten Links und f\u00fcr alle Inhalte der Seiten. Datenschutz Die Betreiber dieser Seiten nehmen den Schutz Ihrer pers\u00f6nlichen Daten sehr ernst. Wir behandeln Ihre personenbezogenen Daten vertraulich und entsprechend der gesetzlichen Datenschutzvorschriften sowie dieser Datenschutzerkl\u00e4rung. Die Nutzung unserer Webseite ist in der Regel ohne Angabe personenbezogener Daten m\u00f6glich. Soweit auf unseren Seiten personenbezogene Daten\u2026\" \/>\n<meta property=\"og:url\" content=\"https:\/\/musikverein-oberlaa.com\/index.php\/impressum\/\" \/>\n<meta property=\"og:site_name\" content=\"Musikverein Oberlaa\" \/>\n<meta property=\"article:publisher\" content=\"https:\/\/www.facebook.com\/mvoberlaa\" \/>\n<meta property=\"article:modified_time\" content=\"2025-10-21T07:55:44+00:00\" \/>\n<meta name=\"twitter:card\" content=\"summary_large_image\" \/>\n<meta name=\"twitter:label1\" content=\"Gesch\u00e4tzte Lesezeit\" \/>\n\t<meta name=\"twitter:data1\" content=\"4\u00a0Minuten\" \/>\n<script type=\"application\/ld+json\" class=\"yoast-schema-graph\">{\"@context\":\"https:\/\/schema.org\",\"@graph\":[{\"@type\":\"WebPage\",\"@id\":\"https:\/\/musikverein-oberlaa.com\/index.php\/impressum\/\",\"url\":\"https:\/\/musikverein-oberlaa.com\/index.php\/impressum\/\",\"name\":\"Impressum - Musikverein Oberlaa\",\"isPartOf\":{\"@id\":\"https:\/\/musikverein-oberlaa.com\/#website\"},\"datePublished\":\"2022-10-24T19:57:51+00:00\",\"dateModified\":\"2025-10-21T07:55:44+00:00\",\"breadcrumb\":{\"@id\":\"https:\/\/musikverein-oberlaa.com\/index.php\/impressum\/#breadcrumb\"},\"inLanguage\":\"de\",\"potentialAction\":[{\"@type\":\"ReadAction\",\"target\":[\"https:\/\/musikverein-oberlaa.com\/index.php\/impressum\/\"]}]},{\"@type\":\"BreadcrumbList\",\"@id\":\"https:\/\/musikverein-oberlaa.com\/index.php\/impressum\/#breadcrumb\",\"itemListElement\":[{\"@type\":\"ListItem\",\"position\":1,\"name\":\"Startseite\",\"item\":\"https:\/\/musikverein-oberlaa.com\/\"},{\"@type\":\"ListItem\",\"position\":2,\"name\":\"Impressum\"}]},{\"@type\":\"WebSite\",\"@id\":\"https:\/\/musikverein-oberlaa.com\/#website\",\"url\":\"https:\/\/musikverein-oberlaa.com\/\",\"name\":\"Musikverein Oberlaa\",\"description\":\"\",\"publisher\":{\"@id\":\"https:\/\/musikverein-oberlaa.com\/#organization\"},\"alternateName\":\"MVO\",\"potentialAction\":[{\"@type\":\"SearchAction\",\"target\":{\"@type\":\"EntryPoint\",\"urlTemplate\":\"https:\/\/musikverein-oberlaa.com\/?s={search_term_string}\"},\"query-input\":{\"@type\":\"PropertyValueSpecification\",\"valueRequired\":true,\"valueName\":\"search_term_string\"}}],\"inLanguage\":\"de\"},{\"@type\":\"Organization\",\"@id\":\"https:\/\/musikverein-oberlaa.com\/#organization\",\"name\":\"Musikverein Oberlaa\",\"alternateName\":\"MVO\",\"url\":\"https:\/\/musikverein-oberlaa.com\/\",\"logo\":{\"@type\":\"ImageObject\",\"inLanguage\":\"de\",\"@id\":\"https:\/\/musikverein-oberlaa.com\/#\/schema\/logo\/image\/\",\"url\":\"https:\/\/musikverein-oberlaa.com\/wp-content\/uploads\/2022\/10\/logo.png\",\"contentUrl\":\"https:\/\/musikverein-oberlaa.com\/wp-content\/uploads\/2022\/10\/logo.png\",\"width\":150,\"height\":164,\"caption\":\"Musikverein Oberlaa\"},\"image\":{\"@id\":\"https:\/\/musikverein-oberlaa.com\/#\/schema\/logo\/image\/\"},\"sameAs\":[\"https:\/\/www.facebook.com\/mvoberlaa\",\"https:\/\/www.instagram.com\/mvoberlaa\/\"]}]}<\/script>\n<!-- \/ Yoast SEO plugin. -->","yoast_head_json":{"title":"Impressum - Musikverein Oberlaa","robots":{"index":"index","follow":"follow","max-snippet":"max-snippet:-1","max-image-preview":"max-image-preview:large","max-video-preview":"max-video-preview:-1"},"canonical":"https:\/\/musikverein-oberlaa.com\/index.php\/impressum\/","og_locale":"de_DE","og_type":"article","og_title":"Impressum - Musikverein Oberlaa","og_description":"F\u00fcr den Inhalt Verantwortlich: Musikverein OberlaaZVR:151690888Laaerbergstra\u00dfe 327-329A-1100 Wien-OberlaaTelefon: 01\/688 25 90 Haftungshinweis Trotz sorgf\u00e4ltiger inhaltlicher Kontrolle \u00fcbernehmen wir keine Haftung f\u00fcr die Inhalte externer Links. F\u00fcr den Inhalt der verlinkten Seiten sind ausschlie\u00dflich deren Betreiber verantwortlich.Diese Erkl\u00e4rung gilt f\u00fcr alle heute und zuk\u00fcnftig auf dieser Website angebrachten Links und f\u00fcr alle Inhalte der Seiten. Datenschutz Die Betreiber dieser Seiten nehmen den Schutz Ihrer pers\u00f6nlichen Daten sehr ernst. Wir behandeln Ihre personenbezogenen Daten vertraulich und entsprechend der gesetzlichen Datenschutzvorschriften sowie dieser Datenschutzerkl\u00e4rung. Die Nutzung unserer Webseite ist in der Regel ohne Angabe personenbezogener Daten m\u00f6glich. Soweit auf unseren Seiten personenbezogene Daten\u2026","og_url":"https:\/\/musikverein-oberlaa.com\/index.php\/impressum\/","og_site_name":"Musikverein Oberlaa","article_publisher":"https:\/\/www.facebook.com\/mvoberlaa","article_modified_time":"2025-10-21T07:55:44+00:00","twitter_card":"summary_large_image","twitter_misc":{"Gesch\u00e4tzte Lesezeit":"4\u00a0Minuten"},"schema":{"@context":"https:\/\/schema.org","@graph":[{"@type":"WebPage","@id":"https:\/\/musikverein-oberlaa.com\/index.php\/impressum\/","url":"https:\/\/musikverein-oberlaa.com\/index.php\/impressum\/","name":"Impressum - Musikverein Oberlaa","isPartOf":{"@id":"https:\/\/musikverein-oberlaa.com\/#website"},"datePublished":"2022-10-24T19:57:51+00:00","dateModified":"2025-10-21T07:55:44+00:00","breadcrumb":{"@id":"https:\/\/musikverein-oberlaa.com\/index.php\/impressum\/#breadcrumb"},"inLanguage":"de","potentialAction":[{"@type":"ReadAction","target":["https:\/\/musikverein-oberlaa.com\/index.php\/impressum\/"]}]},{"@type":"BreadcrumbList","@id":"https:\/\/musikverein-oberlaa.com\/index.php\/impressum\/#breadcrumb","itemListElement":[{"@type":"ListItem","position":1,"name":"Startseite","item":"https:\/\/musikverein-oberlaa.com\/"},{"@type":"ListItem","position":2,"name":"Impressum"}]},{"@type":"WebSite","@id":"https:\/\/musikverein-oberlaa.com\/#website","url":"https:\/\/musikverein-oberlaa.com\/","name":"Musikverein Oberlaa","description":"","publisher":{"@id":"https:\/\/musikverein-oberlaa.com\/#organization"},"alternateName":"MVO","potentialAction":[{"@type":"SearchAction","target":{"@type":"EntryPoint","urlTemplate":"https:\/\/musikverein-oberlaa.com\/?s={search_term_string}"},"query-input":{"@type":"PropertyValueSpecification","valueRequired":true,"valueName":"search_term_string"}}],"inLanguage":"de"},{"@type":"Organization","@id":"https:\/\/musikverein-oberlaa.com\/#organization","name":"Musikverein Oberlaa","alternateName":"MVO","url":"https:\/\/musikverein-oberlaa.com\/","logo":{"@type":"ImageObject","inLanguage":"de","@id":"https:\/\/musikverein-oberlaa.com\/#\/schema\/logo\/image\/","url":"https:\/\/musikverein-oberlaa.com\/wp-content\/uploads\/2022\/10\/logo.png","contentUrl":"https:\/\/musikverein-oberlaa.com\/wp-content\/uploads\/2022\/10\/logo.png","width":150,"height":164,"caption":"Musikverein Oberlaa"},"image":{"@id":"https:\/\/musikverein-oberlaa.com\/#\/schema\/logo\/image\/"},"sameAs":["https:\/\/www.facebook.com\/mvoberlaa","https:\/\/www.instagram.com\/mvoberlaa\/"]}]}},"_links":{"self":[{"href":"https:\/\/musikverein-oberlaa.com\/index.php\/wp-json\/wp\/v2\/pages\/847","targetHints":{"allow":["GET"]}}],"collection":[{"href":"https:\/\/musikverein-oberlaa.com\/index.php\/wp-json\/wp\/v2\/pages"}],"about":[{"href":"https:\/\/musikverein-oberlaa.com\/index.php\/wp-json\/wp\/v2\/types\/page"}],"author":[{"embeddable":true,"href":"https:\/\/musikverein-oberlaa.com\/index.php\/wp-json\/wp\/v2\/users\/1"}],"replies":[{"embeddable":true,"href":"https:\/\/musikverein-oberlaa.com\/index.php\/wp-json\/wp\/v2\/comments?post=847"}],"version-history":[{"count":46,"href":"https:\/\/musikverein-oberlaa.com\/index.php\/wp-json\/wp\/v2\/pages\/847\/revisions"}],"predecessor-version":[{"id":2832,"href":"https:\/\/musikverein-oberlaa.com\/index.php\/wp-json\/wp\/v2\/pages\/847\/revisions\/2832"}],"wp:attachment":[{"href":"https:\/\/musikverein-oberlaa.com\/index.php\/wp-json\/wp\/v2\/media?parent=847"}],"curies":[{"name":"wp","href":"https:\/\/api.w.org\/{rel}","templated":true}]}}