{"id":813,"date":"2022-10-24T19:51:29","date_gmt":"2022-10-24T19:51:29","guid":{"rendered":"https:\/\/wp.musikverein-oberlaa.com\/?page_id=813"},"modified":"2022-11-04T14:43:29","modified_gmt":"2022-11-04T13:43:29","slug":"40-jahr-feier-2016","status":"publish","type":"page","link":"https:\/\/musikverein-oberlaa.com\/index.php\/40-jahr-feier-2016\/","title":{"rendered":"40 Jahr Feier 2016"},"content":{"rendered":"\t\t<div data-elementor-type=\"wp-page\" data-elementor-id=\"813\" class=\"elementor elementor-813\">\n\t\t\t\t\t\t<section class=\"elementor-section elementor-top-section elementor-element elementor-element-5f4c4f1 elementor-section-boxed elementor-section-height-default elementor-section-height-default\" data-id=\"5f4c4f1\" data-element_type=\"section\">\n\t\t\t\t\t\t<div class=\"elementor-container elementor-column-gap-default\">\n\t\t\t\t\t<div class=\"elementor-column elementor-col-50 elementor-top-column elementor-element elementor-element-f5f971b\" data-id=\"f5f971b\" data-element_type=\"column\">\n\t\t\t<div class=\"elementor-widget-wrap elementor-element-populated\">\n\t\t\t\t\t\t<div class=\"elementor-element elementor-element-66633a0 elementor-widget elementor-widget-video\" data-id=\"66633a0\" data-element_type=\"widget\" data-settings=\"{&quot;youtube_url&quot;:&quot;https:\\\/\\\/youtu.be\\\/LjxcUoS8oU0&quot;,&quot;video_type&quot;:&quot;youtube&quot;,&quot;controls&quot;:&quot;yes&quot;}\" data-widget_type=\"video.default\">\n\t\t\t\t<div class=\"elementor-widget-container\">\n\t\t\t\t\t\t\t<div class=\"elementor-wrapper elementor-open-inline\">\n\t\t\t<div class=\"elementor-video\"><\/div>\t\t<\/div>\n\t\t\t\t\t\t<\/div>\n\t\t\t\t<\/div>\n\t\t\t\t\t<\/div>\n\t\t<\/div>\n\t\t\t\t<div class=\"elementor-column elementor-col-50 elementor-top-column elementor-element elementor-element-1036d1c\" data-id=\"1036d1c\" data-element_type=\"column\">\n\t\t\t<div class=\"elementor-widget-wrap elementor-element-populated\">\n\t\t\t\t\t\t<div class=\"elementor-element elementor-element-7362d60 elementor-widget elementor-widget-text-editor\" data-id=\"7362d60\" data-element_type=\"widget\" data-widget_type=\"text-editor.default\">\n\t\t\t\t<div class=\"elementor-widget-container\">\n\t\t\t\t\t\t\t\t\t<p><span style=\"font-size: medium;\">Am 30.9.2016 feierte der Musikverein Oberlaa im Beisein vieler Freunde\u00a0und ehemaliger Musiker sein 40-J\u00e4hriges Bestands Jubil\u00e4um.<\/span><\/p><p><span style=\"font-size: medium;\">Die MusikerInnen trafen sich bei unserem Vereinslokal (dem Dorfwirt Oberlaa). Anschlie\u00dfend Marschierten wir \u00fcber die Oberlaaer Stra\u00dfe zum Klosterkindergarten, in dem wir unsere ersten Proben im Jahr 1976 abhalten durften. Hier gab es einen Segen unseres Pfarrers Andreas Klein. Nach einem weiteren kleinen Marsch Empfing uns unser Nachwuchs in unserem Probelokal in der Laaer-Berg-Stra\u00dfe. <br \/><\/span><\/p><p><span style=\"font-size: medium;\">Nach den Ansprachen unseres Obmannes und einiger MusikerInnen folgte die feierliche Enth\u00fcllung der Zeitkapsel. In diese Kapsel sind Gedanken und W\u00fcnsche der aktiven MusikerInnen f\u00fcr die n\u00e4chsten 40 Jahre versieglt. Sie wird erst wieder im Jahr 2056 ge\u00f6ffnet und den dann aktiven MusikerInnen \u00fcbergeben.<\/span><\/p>\t\t\t\t\t\t\t\t<\/div>\n\t\t\t\t<\/div>\n\t\t\t\t\t<\/div>\n\t\t<\/div>\n\t\t\t\t\t<\/div>\n\t\t<\/section>\n\t\t\t\t<section class=\"elementor-section elementor-top-section elementor-element elementor-element-c2985b2 elementor-section-boxed elementor-section-height-default elementor-section-height-default\" data-id=\"c2985b2\" data-element_type=\"section\">\n\t\t\t\t\t\t<div class=\"elementor-container elementor-column-gap-default\">\n\t\t\t\t\t<div class=\"elementor-column elementor-col-25 elementor-top-column elementor-element elementor-element-70116da\" data-id=\"70116da\" data-element_type=\"column\">\n\t\t\t<div class=\"elementor-widget-wrap elementor-element-populated\">\n\t\t\t\t\t\t<div class=\"elementor-element elementor-element-58de666 elementor-widget elementor-widget-image\" data-id=\"58de666\" data-element_type=\"widget\" data-widget_type=\"image.default\">\n\t\t\t\t<div class=\"elementor-widget-container\">\n\t\t\t\t\t\t\t\t\t\t\t\t\t\t\t\t<a href=\"https:\/\/musikverein-oberlaa.com\/wp-content\/uploads\/2022\/10\/40-jahre-mvo_1-large.jpg\" data-elementor-open-lightbox=\"yes\" data-elementor-lightbox-title=\"40-jahre-mvo_1-large\" data-e-action-hash=\"#elementor-action%3Aaction%3Dlightbox%26settings%3DeyJpZCI6OTI0LCJ1cmwiOiJodHRwczpcL1wvbXVzaWt2ZXJlaW4tb2JlcmxhYS5jb21cL3dwLWNvbnRlbnRcL3VwbG9hZHNcLzIwMjJcLzEwXC80MC1qYWhyZS1tdm9fMS1sYXJnZS5qcGcifQ%3D%3D\">\n\t\t\t\t\t\t\t<img fetchpriority=\"high\" decoding=\"async\" width=\"314\" height=\"208\" src=\"https:\/\/musikverein-oberlaa.com\/wp-content\/uploads\/2022\/10\/40-jahre-mvo_1-large.jpg\" class=\"attachment-large size-large wp-image-924\" alt=\"\" srcset=\"https:\/\/musikverein-oberlaa.com\/wp-content\/uploads\/2022\/10\/40-jahre-mvo_1-large.jpg 314w, https:\/\/musikverein-oberlaa.com\/wp-content\/uploads\/2022\/10\/40-jahre-mvo_1-large-300x199.jpg 300w\" sizes=\"(max-width: 314px) 100vw, 314px\" \/>\t\t\t\t\t\t\t\t<\/a>\n\t\t\t\t\t\t\t\t\t\t\t\t\t\t\t<\/div>\n\t\t\t\t<\/div>\n\t\t\t\t\t<\/div>\n\t\t<\/div>\n\t\t\t\t<div class=\"elementor-column elementor-col-25 elementor-top-column elementor-element elementor-element-8121d0b\" data-id=\"8121d0b\" data-element_type=\"column\">\n\t\t\t<div class=\"elementor-widget-wrap elementor-element-populated\">\n\t\t\t\t\t\t<div class=\"elementor-element elementor-element-28f4dfc elementor-widget elementor-widget-image\" data-id=\"28f4dfc\" data-element_type=\"widget\" data-widget_type=\"image.default\">\n\t\t\t\t<div class=\"elementor-widget-container\">\n\t\t\t\t\t\t\t\t\t\t\t\t\t\t\t\t<a href=\"https:\/\/musikverein-oberlaa.com\/wp-content\/uploads\/2022\/10\/40-jahre-mvo_93g-large.jpg\" data-elementor-open-lightbox=\"yes\" data-elementor-lightbox-title=\"40-jahre-mvo_93g-large\" data-e-action-hash=\"#elementor-action%3Aaction%3Dlightbox%26settings%3DeyJpZCI6OTM3LCJ1cmwiOiJodHRwczpcL1wvbXVzaWt2ZXJlaW4tb2JlcmxhYS5jb21cL3dwLWNvbnRlbnRcL3VwbG9hZHNcLzIwMjJcLzEwXC80MC1qYWhyZS1tdm9fOTNnLWxhcmdlLmpwZyJ9\">\n\t\t\t\t\t\t\t<img decoding=\"async\" width=\"300\" height=\"199\" src=\"https:\/\/musikverein-oberlaa.com\/wp-content\/uploads\/2022\/10\/40-jahre-mvo_93g-large-300x199.jpg\" class=\"attachment-medium size-medium wp-image-937\" alt=\"\" srcset=\"https:\/\/musikverein-oberlaa.com\/wp-content\/uploads\/2022\/10\/40-jahre-mvo_93g-large-300x199.jpg 300w, https:\/\/musikverein-oberlaa.com\/wp-content\/uploads\/2022\/10\/40-jahre-mvo_93g-large-1024x678.jpg 1024w, https:\/\/musikverein-oberlaa.com\/wp-content\/uploads\/2022\/10\/40-jahre-mvo_93g-large-768x509.jpg 768w, https:\/\/musikverein-oberlaa.com\/wp-content\/uploads\/2022\/10\/40-jahre-mvo_93g-large-1536x1017.jpg 1536w, https:\/\/musikverein-oberlaa.com\/wp-content\/uploads\/2022\/10\/40-jahre-mvo_93g-large.jpg 2048w\" sizes=\"(max-width: 300px) 100vw, 300px\" \/>\t\t\t\t\t\t\t\t<\/a>\n\t\t\t\t\t\t\t\t\t\t\t\t\t\t\t<\/div>\n\t\t\t\t<\/div>\n\t\t\t\t\t<\/div>\n\t\t<\/div>\n\t\t\t\t<div class=\"elementor-column elementor-col-25 elementor-top-column elementor-element elementor-element-cafeee3\" data-id=\"cafeee3\" data-element_type=\"column\">\n\t\t\t<div class=\"elementor-widget-wrap elementor-element-populated\">\n\t\t\t\t\t\t<div class=\"elementor-element elementor-element-f895c99 elementor-widget elementor-widget-image\" data-id=\"f895c99\" data-element_type=\"widget\" data-widget_type=\"image.default\">\n\t\t\t\t<div class=\"elementor-widget-container\">\n\t\t\t\t\t\t\t\t\t\t\t\t\t\t\t\t<a href=\"https:\/\/musikverein-oberlaa.com\/wp-content\/uploads\/2022\/10\/40-jahre-mvo_90g-200x150-1.jpg\" data-elementor-open-lightbox=\"yes\" data-elementor-lightbox-title=\"40-jahre-mvo_90g-200x150\" data-e-action-hash=\"#elementor-action%3Aaction%3Dlightbox%26settings%3DeyJpZCI6MTExOSwidXJsIjoiaHR0cHM6XC9cL211c2lrdmVyZWluLW9iZXJsYWEuY29tXC93cC1jb250ZW50XC91cGxvYWRzXC8yMDIyXC8xMFwvNDAtamFocmUtbXZvXzkwZy0yMDB4MTUwLTEuanBnIn0%3D\">\n\t\t\t\t\t\t\t<img decoding=\"async\" width=\"200\" height=\"150\" src=\"https:\/\/musikverein-oberlaa.com\/wp-content\/uploads\/2022\/10\/40-jahre-mvo_90g-200x150-1.jpg\" class=\"attachment-large size-large wp-image-1119\" alt=\"\" \/>\t\t\t\t\t\t\t\t<\/a>\n\t\t\t\t\t\t\t\t\t\t\t\t\t\t\t<\/div>\n\t\t\t\t<\/div>\n\t\t\t\t\t<\/div>\n\t\t<\/div>\n\t\t\t\t<div class=\"elementor-column elementor-col-25 elementor-top-column elementor-element elementor-element-76f8199\" data-id=\"76f8199\" data-element_type=\"column\">\n\t\t\t<div class=\"elementor-widget-wrap elementor-element-populated\">\n\t\t\t\t\t\t<div class=\"elementor-element elementor-element-4fd01f1 elementor-widget elementor-widget-image\" data-id=\"4fd01f1\" data-element_type=\"widget\" data-widget_type=\"image.default\">\n\t\t\t\t<div class=\"elementor-widget-container\">\n\t\t\t\t\t\t\t\t\t\t\t\t\t\t\t\t<a href=\"https:\/\/musikverein-oberlaa.com\/wp-content\/uploads\/2022\/10\/40-jahre-mvo_87-200x150-1.jpg\" data-elementor-open-lightbox=\"yes\" data-elementor-lightbox-title=\"40-jahre-mvo_87-200x150\" data-e-action-hash=\"#elementor-action%3Aaction%3Dlightbox%26settings%3DeyJpZCI6MTExOCwidXJsIjoiaHR0cHM6XC9cL211c2lrdmVyZWluLW9iZXJsYWEuY29tXC93cC1jb250ZW50XC91cGxvYWRzXC8yMDIyXC8xMFwvNDAtamFocmUtbXZvXzg3LTIwMHgxNTAtMS5qcGcifQ%3D%3D\">\n\t\t\t\t\t\t\t<img loading=\"lazy\" decoding=\"async\" width=\"200\" height=\"150\" src=\"https:\/\/musikverein-oberlaa.com\/wp-content\/uploads\/2022\/10\/40-jahre-mvo_87-200x150-1.jpg\" class=\"attachment-large size-large wp-image-1118\" alt=\"\" \/>\t\t\t\t\t\t\t\t<\/a>\n\t\t\t\t\t\t\t\t\t\t\t\t\t\t\t<\/div>\n\t\t\t\t<\/div>\n\t\t\t\t\t<\/div>\n\t\t<\/div>\n\t\t\t\t\t<\/div>\n\t\t<\/section>\n\t\t\t\t<\/div>\n\t\t","protected":false},"excerpt":{"rendered":"<p>https:\/\/youtu.be\/LjxcUoS8oU0 Am 30.9.2016 feierte der Musikverein Oberlaa im Beisein vieler Freunde\u00a0und ehemaliger Musiker sein 40-J\u00e4hriges Bestands Jubil\u00e4um. Die MusikerInnen trafen sich bei unserem Vereinslokal (dem Dorfwirt Oberlaa). Anschlie\u00dfend Marschierten wir \u00fcber die Oberlaaer Stra\u00dfe zum Klosterkindergarten, in dem wir unsere ersten Proben im Jahr 1976 abhalten durften. Hier gab es einen Segen unseres Pfarrers Andreas Klein. Nach einem weiteren kleinen Marsch Empfing uns unser Nachwuchs in unserem Probelokal in der Laaer-Berg-Stra\u00dfe. Nach den Ansprachen unseres Obmannes und einiger MusikerInnen folgte die feierliche Enth\u00fcllung der Zeitkapsel. In diese Kapsel sind Gedanken und W\u00fcnsche der aktiven MusikerInnen f\u00fcr die n\u00e4chsten 40 Jahre\u2026<\/p>\n","protected":false},"author":1,"featured_media":0,"parent":0,"menu_order":0,"comment_status":"closed","ping_status":"closed","template":"","meta":{"footnotes":""},"class_list":["post-813","page","type-page","status-publish","hentry"],"blocksy_meta":{"styles_descriptor":{"styles":{"desktop":"","tablet":"","mobile":""},"google_fonts":[],"version":5}},"yoast_head":"<!-- This site is optimized with the Yoast SEO plugin v26.4 - https:\/\/yoast.com\/wordpress\/plugins\/seo\/ -->\n<title>40 Jahr Feier 2016 - Musikverein Oberlaa<\/title>\n<meta name=\"robots\" content=\"index, follow, max-snippet:-1, max-image-preview:large, max-video-preview:-1\" \/>\n<link rel=\"canonical\" href=\"https:\/\/musikverein-oberlaa.com\/index.php\/40-jahr-feier-2016\/\" \/>\n<meta property=\"og:locale\" content=\"de_DE\" \/>\n<meta property=\"og:type\" content=\"article\" \/>\n<meta property=\"og:title\" content=\"40 Jahr Feier 2016 - Musikverein Oberlaa\" \/>\n<meta property=\"og:description\" content=\"https:\/\/youtu.be\/LjxcUoS8oU0 Am 30.9.2016 feierte der Musikverein Oberlaa im Beisein vieler Freunde\u00a0und ehemaliger Musiker sein 40-J\u00e4hriges Bestands Jubil\u00e4um. Die MusikerInnen trafen sich bei unserem Vereinslokal (dem Dorfwirt Oberlaa). Anschlie\u00dfend Marschierten wir \u00fcber die Oberlaaer Stra\u00dfe zum Klosterkindergarten, in dem wir unsere ersten Proben im Jahr 1976 abhalten durften. Hier gab es einen Segen unseres Pfarrers Andreas Klein. Nach einem weiteren kleinen Marsch Empfing uns unser Nachwuchs in unserem Probelokal in der Laaer-Berg-Stra\u00dfe. Nach den Ansprachen unseres Obmannes und einiger MusikerInnen folgte die feierliche Enth\u00fcllung der Zeitkapsel. In diese Kapsel sind Gedanken und W\u00fcnsche der aktiven MusikerInnen f\u00fcr die n\u00e4chsten 40 Jahre\u2026\" \/>\n<meta property=\"og:url\" content=\"https:\/\/musikverein-oberlaa.com\/index.php\/40-jahr-feier-2016\/\" \/>\n<meta property=\"og:site_name\" content=\"Musikverein Oberlaa\" \/>\n<meta property=\"article:publisher\" content=\"https:\/\/www.facebook.com\/mvoberlaa\" \/>\n<meta property=\"article:modified_time\" content=\"2022-11-04T13:43:29+00:00\" \/>\n<meta property=\"og:image\" content=\"https:\/\/musikverein-oberlaa.com\/wp-content\/uploads\/2022\/10\/40-jahre-mvo_1-large.jpg\" \/>\n<meta name=\"twitter:card\" content=\"summary_large_image\" \/>\n<meta name=\"twitter:label1\" content=\"Gesch\u00e4tzte Lesezeit\" \/>\n\t<meta name=\"twitter:data1\" content=\"1\u00a0Minute\" \/>\n<script type=\"application\/ld+json\" class=\"yoast-schema-graph\">{\"@context\":\"https:\/\/schema.org\",\"@graph\":[{\"@type\":\"WebPage\",\"@id\":\"https:\/\/musikverein-oberlaa.com\/index.php\/40-jahr-feier-2016\/\",\"url\":\"https:\/\/musikverein-oberlaa.com\/index.php\/40-jahr-feier-2016\/\",\"name\":\"40 Jahr Feier 2016 - Musikverein Oberlaa\",\"isPartOf\":{\"@id\":\"https:\/\/musikverein-oberlaa.com\/#website\"},\"primaryImageOfPage\":{\"@id\":\"https:\/\/musikverein-oberlaa.com\/index.php\/40-jahr-feier-2016\/#primaryimage\"},\"image\":{\"@id\":\"https:\/\/musikverein-oberlaa.com\/index.php\/40-jahr-feier-2016\/#primaryimage\"},\"thumbnailUrl\":\"https:\/\/musikverein-oberlaa.com\/wp-content\/uploads\/2022\/10\/40-jahre-mvo_1-large.jpg\",\"datePublished\":\"2022-10-24T19:51:29+00:00\",\"dateModified\":\"2022-11-04T13:43:29+00:00\",\"breadcrumb\":{\"@id\":\"https:\/\/musikverein-oberlaa.com\/index.php\/40-jahr-feier-2016\/#breadcrumb\"},\"inLanguage\":\"de\",\"potentialAction\":[{\"@type\":\"ReadAction\",\"target\":[\"https:\/\/musikverein-oberlaa.com\/index.php\/40-jahr-feier-2016\/\"]}]},{\"@type\":\"ImageObject\",\"inLanguage\":\"de\",\"@id\":\"https:\/\/musikverein-oberlaa.com\/index.php\/40-jahr-feier-2016\/#primaryimage\",\"url\":\"https:\/\/musikverein-oberlaa.com\/wp-content\/uploads\/2022\/10\/40-jahre-mvo_1-large.jpg\",\"contentUrl\":\"https:\/\/musikverein-oberlaa.com\/wp-content\/uploads\/2022\/10\/40-jahre-mvo_1-large.jpg\",\"width\":314,\"height\":208,\"caption\":\"40 Jahr Feier\"},{\"@type\":\"BreadcrumbList\",\"@id\":\"https:\/\/musikverein-oberlaa.com\/index.php\/40-jahr-feier-2016\/#breadcrumb\",\"itemListElement\":[{\"@type\":\"ListItem\",\"position\":1,\"name\":\"Startseite\",\"item\":\"https:\/\/musikverein-oberlaa.com\/\"},{\"@type\":\"ListItem\",\"position\":2,\"name\":\"40 Jahr Feier 2016\"}]},{\"@type\":\"WebSite\",\"@id\":\"https:\/\/musikverein-oberlaa.com\/#website\",\"url\":\"https:\/\/musikverein-oberlaa.com\/\",\"name\":\"Musikverein Oberlaa\",\"description\":\"\",\"publisher\":{\"@id\":\"https:\/\/musikverein-oberlaa.com\/#organization\"},\"alternateName\":\"MVO\",\"potentialAction\":[{\"@type\":\"SearchAction\",\"target\":{\"@type\":\"EntryPoint\",\"urlTemplate\":\"https:\/\/musikverein-oberlaa.com\/?s={search_term_string}\"},\"query-input\":{\"@type\":\"PropertyValueSpecification\",\"valueRequired\":true,\"valueName\":\"search_term_string\"}}],\"inLanguage\":\"de\"},{\"@type\":\"Organization\",\"@id\":\"https:\/\/musikverein-oberlaa.com\/#organization\",\"name\":\"Musikverein Oberlaa\",\"alternateName\":\"MVO\",\"url\":\"https:\/\/musikverein-oberlaa.com\/\",\"logo\":{\"@type\":\"ImageObject\",\"inLanguage\":\"de\",\"@id\":\"https:\/\/musikverein-oberlaa.com\/#\/schema\/logo\/image\/\",\"url\":\"https:\/\/musikverein-oberlaa.com\/wp-content\/uploads\/2022\/10\/logo.png\",\"contentUrl\":\"https:\/\/musikverein-oberlaa.com\/wp-content\/uploads\/2022\/10\/logo.png\",\"width\":150,\"height\":164,\"caption\":\"Musikverein Oberlaa\"},\"image\":{\"@id\":\"https:\/\/musikverein-oberlaa.com\/#\/schema\/logo\/image\/\"},\"sameAs\":[\"https:\/\/www.facebook.com\/mvoberlaa\",\"https:\/\/www.instagram.com\/mvoberlaa\/\"]}]}<\/script>\n<!-- \/ Yoast SEO plugin. -->","yoast_head_json":{"title":"40 Jahr Feier 2016 - Musikverein Oberlaa","robots":{"index":"index","follow":"follow","max-snippet":"max-snippet:-1","max-image-preview":"max-image-preview:large","max-video-preview":"max-video-preview:-1"},"canonical":"https:\/\/musikverein-oberlaa.com\/index.php\/40-jahr-feier-2016\/","og_locale":"de_DE","og_type":"article","og_title":"40 Jahr Feier 2016 - Musikverein Oberlaa","og_description":"https:\/\/youtu.be\/LjxcUoS8oU0 Am 30.9.2016 feierte der Musikverein Oberlaa im Beisein vieler Freunde\u00a0und ehemaliger Musiker sein 40-J\u00e4hriges Bestands Jubil\u00e4um. Die MusikerInnen trafen sich bei unserem Vereinslokal (dem Dorfwirt Oberlaa). Anschlie\u00dfend Marschierten wir \u00fcber die Oberlaaer Stra\u00dfe zum Klosterkindergarten, in dem wir unsere ersten Proben im Jahr 1976 abhalten durften. Hier gab es einen Segen unseres Pfarrers Andreas Klein. Nach einem weiteren kleinen Marsch Empfing uns unser Nachwuchs in unserem Probelokal in der Laaer-Berg-Stra\u00dfe. Nach den Ansprachen unseres Obmannes und einiger MusikerInnen folgte die feierliche Enth\u00fcllung der Zeitkapsel. In diese Kapsel sind Gedanken und W\u00fcnsche der aktiven MusikerInnen f\u00fcr die n\u00e4chsten 40 Jahre\u2026","og_url":"https:\/\/musikverein-oberlaa.com\/index.php\/40-jahr-feier-2016\/","og_site_name":"Musikverein Oberlaa","article_publisher":"https:\/\/www.facebook.com\/mvoberlaa","article_modified_time":"2022-11-04T13:43:29+00:00","og_image":[{"url":"https:\/\/musikverein-oberlaa.com\/wp-content\/uploads\/2022\/10\/40-jahre-mvo_1-large.jpg","type":"","width":"","height":""}],"twitter_card":"summary_large_image","twitter_misc":{"Gesch\u00e4tzte Lesezeit":"1\u00a0Minute"},"schema":{"@context":"https:\/\/schema.org","@graph":[{"@type":"WebPage","@id":"https:\/\/musikverein-oberlaa.com\/index.php\/40-jahr-feier-2016\/","url":"https:\/\/musikverein-oberlaa.com\/index.php\/40-jahr-feier-2016\/","name":"40 Jahr Feier 2016 - Musikverein Oberlaa","isPartOf":{"@id":"https:\/\/musikverein-oberlaa.com\/#website"},"primaryImageOfPage":{"@id":"https:\/\/musikverein-oberlaa.com\/index.php\/40-jahr-feier-2016\/#primaryimage"},"image":{"@id":"https:\/\/musikverein-oberlaa.com\/index.php\/40-jahr-feier-2016\/#primaryimage"},"thumbnailUrl":"https:\/\/musikverein-oberlaa.com\/wp-content\/uploads\/2022\/10\/40-jahre-mvo_1-large.jpg","datePublished":"2022-10-24T19:51:29+00:00","dateModified":"2022-11-04T13:43:29+00:00","breadcrumb":{"@id":"https:\/\/musikverein-oberlaa.com\/index.php\/40-jahr-feier-2016\/#breadcrumb"},"inLanguage":"de","potentialAction":[{"@type":"ReadAction","target":["https:\/\/musikverein-oberlaa.com\/index.php\/40-jahr-feier-2016\/"]}]},{"@type":"ImageObject","inLanguage":"de","@id":"https:\/\/musikverein-oberlaa.com\/index.php\/40-jahr-feier-2016\/#primaryimage","url":"https:\/\/musikverein-oberlaa.com\/wp-content\/uploads\/2022\/10\/40-jahre-mvo_1-large.jpg","contentUrl":"https:\/\/musikverein-oberlaa.com\/wp-content\/uploads\/2022\/10\/40-jahre-mvo_1-large.jpg","width":314,"height":208,"caption":"40 Jahr Feier"},{"@type":"BreadcrumbList","@id":"https:\/\/musikverein-oberlaa.com\/index.php\/40-jahr-feier-2016\/#breadcrumb","itemListElement":[{"@type":"ListItem","position":1,"name":"Startseite","item":"https:\/\/musikverein-oberlaa.com\/"},{"@type":"ListItem","position":2,"name":"40 Jahr Feier 2016"}]},{"@type":"WebSite","@id":"https:\/\/musikverein-oberlaa.com\/#website","url":"https:\/\/musikverein-oberlaa.com\/","name":"Musikverein Oberlaa","description":"","publisher":{"@id":"https:\/\/musikverein-oberlaa.com\/#organization"},"alternateName":"MVO","potentialAction":[{"@type":"SearchAction","target":{"@type":"EntryPoint","urlTemplate":"https:\/\/musikverein-oberlaa.com\/?s={search_term_string}"},"query-input":{"@type":"PropertyValueSpecification","valueRequired":true,"valueName":"search_term_string"}}],"inLanguage":"de"},{"@type":"Organization","@id":"https:\/\/musikverein-oberlaa.com\/#organization","name":"Musikverein Oberlaa","alternateName":"MVO","url":"https:\/\/musikverein-oberlaa.com\/","logo":{"@type":"ImageObject","inLanguage":"de","@id":"https:\/\/musikverein-oberlaa.com\/#\/schema\/logo\/image\/","url":"https:\/\/musikverein-oberlaa.com\/wp-content\/uploads\/2022\/10\/logo.png","contentUrl":"https:\/\/musikverein-oberlaa.com\/wp-content\/uploads\/2022\/10\/logo.png","width":150,"height":164,"caption":"Musikverein Oberlaa"},"image":{"@id":"https:\/\/musikverein-oberlaa.com\/#\/schema\/logo\/image\/"},"sameAs":["https:\/\/www.facebook.com\/mvoberlaa","https:\/\/www.instagram.com\/mvoberlaa\/"]}]}},"_links":{"self":[{"href":"https:\/\/musikverein-oberlaa.com\/index.php\/wp-json\/wp\/v2\/pages\/813","targetHints":{"allow":["GET"]}}],"collection":[{"href":"https:\/\/musikverein-oberlaa.com\/index.php\/wp-json\/wp\/v2\/pages"}],"about":[{"href":"https:\/\/musikverein-oberlaa.com\/index.php\/wp-json\/wp\/v2\/types\/page"}],"author":[{"embeddable":true,"href":"https:\/\/musikverein-oberlaa.com\/index.php\/wp-json\/wp\/v2\/users\/1"}],"replies":[{"embeddable":true,"href":"https:\/\/musikverein-oberlaa.com\/index.php\/wp-json\/wp\/v2\/comments?post=813"}],"version-history":[{"count":22,"href":"https:\/\/musikverein-oberlaa.com\/index.php\/wp-json\/wp\/v2\/pages\/813\/revisions"}],"predecessor-version":[{"id":1778,"href":"https:\/\/musikverein-oberlaa.com\/index.php\/wp-json\/wp\/v2\/pages\/813\/revisions\/1778"}],"wp:attachment":[{"href":"https:\/\/musikverein-oberlaa.com\/index.php\/wp-json\/wp\/v2\/media?parent=813"}],"curies":[{"name":"wp","href":"https:\/\/api.w.org\/{rel}","templated":true}]}}