{"id":760,"date":"2022-10-24T19:13:50","date_gmt":"2022-10-24T19:13:50","guid":{"rendered":"https:\/\/wp.musikverein-oberlaa.com\/?page_id=760"},"modified":"2026-04-15T12:37:02","modified_gmt":"2026-04-15T11:37:02","slug":"startseite","status":"publish","type":"page","link":"https:\/\/musikverein-oberlaa.com\/","title":{"rendered":"&#8222;50 Jahre&#8220; Musikverein Oberlaa!"},"content":{"rendered":"\t\t<div data-elementor-type=\"wp-page\" data-elementor-id=\"760\" class=\"elementor elementor-760\">\n\t\t\t\t\t\t<section class=\"elementor-section elementor-top-section elementor-element elementor-element-b6c4fba elementor-section-boxed elementor-section-height-default elementor-section-height-default elementor-invisible\" data-id=\"b6c4fba\" data-element_type=\"section\" data-e-type=\"section\" data-settings=\"{&quot;animation&quot;:&quot;slideInUp&quot;}\">\n\t\t\t\t\t\t<div class=\"elementor-container elementor-column-gap-default\">\n\t\t\t\t\t<div class=\"elementor-column elementor-col-50 elementor-top-column elementor-element elementor-element-ea61384\" data-id=\"ea61384\" data-element_type=\"column\" data-e-type=\"column\">\n\t\t\t<div class=\"elementor-widget-wrap elementor-element-populated\">\n\t\t\t\t\t\t<div class=\"elementor-element elementor-element-edae08c elementor-widget elementor-widget-text-editor\" data-id=\"edae08c\" data-element_type=\"widget\" data-e-type=\"widget\" data-widget_type=\"text-editor.default\">\n\t\t\t\t<div class=\"elementor-widget-container\">\n\t\t\t\t\t\t\t\t\t<p><strong>2026 ist ein ganz besonderes Jahr f\u00fcr den Musikverein Oberlaa. <\/strong><\/p><p>Im M\u00e4rz 1976 wurde der Muskiverein Oberlaa gegr\u00fcndet und so steht das Jahr 2026 ganz im Zeichen unseres Jubil\u00e4ums! Wir planen das ganze Jahr hindurch besondere Momente mit dem Musikverein. Einer diese war am 21.3. die Messe mit anschliessendem Konzert im Stephansdom.<\/p>\t\t\t\t\t\t\t\t<\/div>\n\t\t\t\t<\/div>\n\t\t\t\t\t<\/div>\n\t\t<\/div>\n\t\t\t\t<div class=\"elementor-column elementor-col-50 elementor-top-column elementor-element elementor-element-019534b\" data-id=\"019534b\" data-element_type=\"column\" data-e-type=\"column\">\n\t\t\t<div class=\"elementor-widget-wrap elementor-element-populated\">\n\t\t\t\t\t\t<div class=\"elementor-element elementor-element-de0a54a elementor-widget elementor-widget-video\" data-id=\"de0a54a\" data-element_type=\"widget\" data-e-type=\"widget\" data-settings=\"{&quot;youtube_url&quot;:&quot;https:\\\/\\\/www.youtube.com\\\/watch?v=IykW3C54dx8&amp;list=PLkv-yPm65OObdsD6EbFpxVlSoVUyO6Fia&quot;,&quot;video_type&quot;:&quot;youtube&quot;,&quot;controls&quot;:&quot;yes&quot;}\" data-widget_type=\"video.default\">\n\t\t\t\t<div class=\"elementor-widget-container\">\n\t\t\t\t\t\t\t<div class=\"elementor-wrapper elementor-open-inline\">\n\t\t\t<div class=\"elementor-video\"><\/div>\t\t<\/div>\n\t\t\t\t\t\t<\/div>\n\t\t\t\t<\/div>\n\t\t\t\t\t<\/div>\n\t\t<\/div>\n\t\t\t\t\t<\/div>\n\t\t<\/section>\n\t\t\t\t<section class=\"elementor-section elementor-top-section elementor-element elementor-element-04c1550 elementor-section-boxed elementor-section-height-default elementor-section-height-default\" data-id=\"04c1550\" data-element_type=\"section\" data-e-type=\"section\">\n\t\t\t\t\t\t<div class=\"elementor-container elementor-column-gap-default\">\n\t\t\t\t\t<div class=\"elementor-column elementor-col-100 elementor-top-column elementor-element elementor-element-0a033e7\" data-id=\"0a033e7\" data-element_type=\"column\" data-e-type=\"column\">\n\t\t\t<div class=\"elementor-widget-wrap elementor-element-populated\">\n\t\t\t\t\t\t<div class=\"elementor-element elementor-element-63ca2aa elementor-widget elementor-widget-spacer\" data-id=\"63ca2aa\" data-element_type=\"widget\" data-e-type=\"widget\" data-widget_type=\"spacer.default\">\n\t\t\t\t<div class=\"elementor-widget-container\">\n\t\t\t\t\t\t\t<div class=\"elementor-spacer\">\n\t\t\t<div class=\"elementor-spacer-inner\"><\/div>\n\t\t<\/div>\n\t\t\t\t\t\t<\/div>\n\t\t\t\t<\/div>\n\t\t\t\t\t<\/div>\n\t\t<\/div>\n\t\t\t\t\t<\/div>\n\t\t<\/section>\n\t\t\t\t<section class=\"elementor-section elementor-top-section elementor-element elementor-element-8a0df5d elementor-section-boxed elementor-section-height-default elementor-section-height-default\" data-id=\"8a0df5d\" data-element_type=\"section\" data-e-type=\"section\">\n\t\t\t\t\t\t<div class=\"elementor-container elementor-column-gap-default\">\n\t\t\t\t\t<div class=\"elementor-column elementor-col-50 elementor-top-column elementor-element elementor-element-35e396c\" data-id=\"35e396c\" data-element_type=\"column\" data-e-type=\"column\">\n\t\t\t<div class=\"elementor-widget-wrap elementor-element-populated\">\n\t\t\t\t\t\t<div class=\"elementor-element elementor-element-957851b elementor-invisible elementor-widget elementor-widget-text-editor\" data-id=\"957851b\" data-element_type=\"widget\" data-e-type=\"widget\" data-settings=\"{&quot;_animation&quot;:&quot;slideInUp&quot;,&quot;_animation_delay&quot;:200}\" data-widget_type=\"text-editor.default\">\n\t\t\t\t<div class=\"elementor-widget-container\">\n\t\t\t\t\t\t\t\t\t<div class=\"zpRow standard \"><div class=\"zpRowInner\"><div class=\"zpColumn odd zpColumnWidth1 c12\"><div class=\"zpColumnItem\"><div id=\"a1880\" class=\"articlearea zpwText\" data-articleid=\"1880\"><p>Wir freuen uns \u00fcber Deinen Besuch !<\/p><p>Oberlaa ist ein malerischer kleiner Weinort am S\u00fcdrand von Wien. Baulich noch nicht ganz an die Gro\u00dfstadt angeschlossen, hat Oberlaa seinen d\u00f6rflichen Charakter nicht verloren. Und wie es in den meisten D\u00f6rfern \u00fcblich ist, gibt es auch in Oberlaa ein Blasorchester.<\/p><\/div><\/div><\/div><\/div><\/div><div class=\"articlearea zpwText\" data-articleid=\"2232\">\u00a0<\/div><div data-articleid=\"2232\">\u00a0<\/div><div data-articleid=\"2232\"><div class=\"zpRow standard \"><div class=\"zpRowInner\"><div class=\"zpColumn odd zpColumnWidth1 c12\"><div class=\"zpColumnItem\"><div id=\"a1880\" class=\"articlearea zpwText\" data-articleid=\"1880\"><h4>Ein Instrument lernen<\/h4><\/div><\/div><\/div><\/div><\/div><div class=\"zpRow standard \"><div class=\"zpRowInner\"><div class=\"zpColumn odd zpColumnWidth1 c12\"><div class=\"zpColumnItem\"><div id=\"a2232\" class=\"articlearea zpwText\" data-articleid=\"2232\"><p>Du m\u00f6chtest ein Instrument lernen, bist dir aber nicht sicher welches? Dann bist du\u00a0<a href=\"https:\/\/musikverein-oberlaa.com\/index.php\/instrumentenkarussell\/\"><strong>hier<\/strong><\/a>\u00a0genau richtig.<\/p><\/div><\/div><\/div><\/div><\/div><\/div>\t\t\t\t\t\t\t\t<\/div>\n\t\t\t\t<\/div>\n\t\t\t\t\t<\/div>\n\t\t<\/div>\n\t\t\t\t<div class=\"elementor-column elementor-col-50 elementor-top-column elementor-element elementor-element-43c04b8\" data-id=\"43c04b8\" data-element_type=\"column\" data-e-type=\"column\">\n\t\t\t<div class=\"elementor-widget-wrap elementor-element-populated\">\n\t\t\t\t\t\t<div class=\"elementor-element elementor-element-0dc767d elementor-invisible elementor-widget elementor-widget-image-carousel\" data-id=\"0dc767d\" data-element_type=\"widget\" data-e-type=\"widget\" data-settings=\"{&quot;slides_to_show&quot;:&quot;1&quot;,&quot;autoplay_speed&quot;:3000,&quot;navigation&quot;:&quot;none&quot;,&quot;_animation&quot;:&quot;slideInUp&quot;,&quot;_animation_delay&quot;:800,&quot;autoplay&quot;:&quot;yes&quot;,&quot;pause_on_hover&quot;:&quot;yes&quot;,&quot;pause_on_interaction&quot;:&quot;yes&quot;,&quot;infinite&quot;:&quot;yes&quot;,&quot;effect&quot;:&quot;slide&quot;,&quot;speed&quot;:500}\" data-widget_type=\"image-carousel.default\">\n\t\t\t\t<div class=\"elementor-widget-container\">\n\t\t\t\t\t\t\t<div class=\"elementor-image-carousel-wrapper swiper\" role=\"region\" aria-roledescription=\"carousel\" aria-label=\"Bild Karussell\" dir=\"ltr\">\n\t\t\t<div class=\"elementor-image-carousel swiper-wrapper\" aria-live=\"off\">\n\t\t\t\t\t\t\t\t<div class=\"swiper-slide\" role=\"group\" aria-roledescription=\"slide\" aria-label=\"1 von 4\"><a data-elementor-open-lightbox=\"yes\" data-elementor-lightbox-slideshow=\"0dc767d\" data-elementor-lightbox-title=\"mvo-graf6-large\" data-e-action-hash=\"#elementor-action%3Aaction%3Dlightbox%26settings%3DeyJpZCI6MTA5NSwidXJsIjoiaHR0cHM6XC9cL211c2lrdmVyZWluLW9iZXJsYWEuY29tXC93cC1jb250ZW50XC91cGxvYWRzXC8yMDIyXC8xMFwvbXZvLWdyYWY2LWxhcmdlLmpwZyIsInNsaWRlc2hvdyI6IjBkYzc2N2QifQ%3D%3D\" href=\"https:\/\/musikverein-oberlaa.com\/index.php\/bilder-und-media\/\"><figure class=\"swiper-slide-inner\"><img decoding=\"async\" class=\"swiper-slide-image\" src=\"https:\/\/musikverein-oberlaa.com\/wp-content\/uploads\/2022\/10\/mvo-graf6-large-1024x511.jpg\" alt=\"\u00d6sterreichischen Blasorchesterwettbewerb 2021 in Grafenegg\" \/><figcaption class=\"elementor-image-carousel-caption\">\u00d6sterreichischen Blasorchesterwettbewerb 2021 in Grafenegg<\/figcaption><\/figure><\/a><\/div><div class=\"swiper-slide\" role=\"group\" aria-roledescription=\"slide\" aria-label=\"2 von 4\"><a data-elementor-open-lightbox=\"yes\" data-elementor-lightbox-slideshow=\"0dc767d\" data-elementor-lightbox-title=\"297-large\" data-e-action-hash=\"#elementor-action%3Aaction%3Dlightbox%26settings%3DeyJpZCI6OTU1LCJ1cmwiOiJodHRwczpcL1wvbXVzaWt2ZXJlaW4tb2JlcmxhYS5jb21cL3dwLWNvbnRlbnRcL3VwbG9hZHNcLzIwMjJcLzEwXC8yOTctbGFyZ2UuanBnIiwic2xpZGVzaG93IjoiMGRjNzY3ZCJ9\" href=\"https:\/\/musikverein-oberlaa.com\/index.php\/bilder-und-media\/\"><figure class=\"swiper-slide-inner\"><img decoding=\"async\" class=\"swiper-slide-image\" src=\"https:\/\/musikverein-oberlaa.com\/wp-content\/uploads\/2022\/10\/297-large-1024x450.jpg\" alt=\"Bad Orb 2018\" \/><figcaption class=\"elementor-image-carousel-caption\">Bad Orb 2018<\/figcaption><\/figure><\/a><\/div><div class=\"swiper-slide\" role=\"group\" aria-roledescription=\"slide\" aria-label=\"3 von 4\"><a data-elementor-open-lightbox=\"yes\" data-elementor-lightbox-slideshow=\"0dc767d\" data-elementor-lightbox-title=\"245-large\" data-e-action-hash=\"#elementor-action%3Aaction%3Dlightbox%26settings%3DeyJpZCI6OTQzLCJ1cmwiOiJodHRwczpcL1wvbXVzaWt2ZXJlaW4tb2JlcmxhYS5jb21cL3dwLWNvbnRlbnRcL3VwbG9hZHNcLzIwMjJcLzEwXC8yNDUtbGFyZ2UuanBnIiwic2xpZGVzaG93IjoiMGRjNzY3ZCJ9\" href=\"https:\/\/musikverein-oberlaa.com\/index.php\/bilder-und-media\/\"><figure class=\"swiper-slide-inner\"><img decoding=\"async\" class=\"swiper-slide-image\" src=\"https:\/\/musikverein-oberlaa.com\/wp-content\/uploads\/2022\/10\/245-large-1024x450.jpg\" alt=\"Bad Orb 2018\" \/><figcaption class=\"elementor-image-carousel-caption\">Bad Orb 2018<\/figcaption><\/figure><\/a><\/div><div class=\"swiper-slide\" role=\"group\" aria-roledescription=\"slide\" aria-label=\"4 von 4\"><a data-elementor-open-lightbox=\"yes\" data-elementor-lightbox-slideshow=\"0dc767d\" data-elementor-lightbox-title=\"308-large\" data-e-action-hash=\"#elementor-action%3Aaction%3Dlightbox%26settings%3DeyJpZCI6OTY1LCJ1cmwiOiJodHRwczpcL1wvbXVzaWt2ZXJlaW4tb2JlcmxhYS5jb21cL3dwLWNvbnRlbnRcL3VwbG9hZHNcLzIwMjJcLzEwXC8zMDgtbGFyZ2UuanBnIiwic2xpZGVzaG93IjoiMGRjNzY3ZCJ9\" href=\"https:\/\/musikverein-oberlaa.com\/index.php\/bilder-und-media\/\"><figure class=\"swiper-slide-inner\"><img decoding=\"async\" class=\"swiper-slide-image\" src=\"https:\/\/musikverein-oberlaa.com\/wp-content\/uploads\/2022\/10\/308-large-1024x450.jpg\" alt=\"Bad Orb 2018\" \/><figcaption class=\"elementor-image-carousel-caption\">Bad Orb 2018<\/figcaption><\/figure><\/a><\/div>\t\t\t<\/div>\n\t\t\t\t\t\t\t\n\t\t\t\t\t\t\t\t\t<\/div>\n\t\t\t\t\t\t<\/div>\n\t\t\t\t<\/div>\n\t\t\t\t\t<\/div>\n\t\t<\/div>\n\t\t\t\t\t<\/div>\n\t\t<\/section>\n\t\t\t\t<section class=\"elementor-section elementor-top-section elementor-element elementor-element-a94cd4c elementor-section-boxed elementor-section-height-default elementor-section-height-default\" data-id=\"a94cd4c\" data-element_type=\"section\" data-e-type=\"section\">\n\t\t\t\t\t\t<div class=\"elementor-container elementor-column-gap-default\">\n\t\t\t\t\t<div class=\"elementor-column elementor-col-33 elementor-top-column elementor-element elementor-element-58817d1\" data-id=\"58817d1\" data-element_type=\"column\" data-e-type=\"column\">\n\t\t\t<div class=\"elementor-widget-wrap elementor-element-populated\">\n\t\t\t\t\t\t<div class=\"elementor-element elementor-element-9292289 elementor-widget__width-initial elementor-invisible elementor-widget elementor-widget-heading\" data-id=\"9292289\" data-element_type=\"widget\" data-e-type=\"widget\" data-settings=\"{&quot;_animation&quot;:&quot;slideInUp&quot;,&quot;_animation_delay&quot;:1400}\" data-widget_type=\"heading.default\">\n\t\t\t\t<div class=\"elementor-widget-container\">\n\t\t\t\t\t<h3 class=\"elementor-heading-title elementor-size-default\">Termine<\/h3>\t\t\t\t<\/div>\n\t\t\t\t<\/div>\n\t\t\t\t\t<\/div>\n\t\t<\/div>\n\t\t\t\t<div class=\"elementor-column elementor-col-33 elementor-top-column elementor-element elementor-element-fce91be\" data-id=\"fce91be\" data-element_type=\"column\" data-e-type=\"column\">\n\t\t\t<div class=\"elementor-widget-wrap\">\n\t\t\t\t\t\t\t<\/div>\n\t\t<\/div>\n\t\t\t\t<div class=\"elementor-column elementor-col-33 elementor-top-column elementor-element elementor-element-cdae50e\" data-id=\"cdae50e\" data-element_type=\"column\" data-e-type=\"column\">\n\t\t\t<div class=\"elementor-widget-wrap\">\n\t\t\t\t\t\t\t<\/div>\n\t\t<\/div>\n\t\t\t\t\t<\/div>\n\t\t<\/section>\n\t\t\t\t<section class=\"elementor-section elementor-top-section elementor-element elementor-element-46a7454 elementor-section-boxed elementor-section-height-default elementor-section-height-default\" data-id=\"46a7454\" data-element_type=\"section\" data-e-type=\"section\">\n\t\t\t\t\t\t<div class=\"elementor-container elementor-column-gap-default\">\n\t\t\t\t\t<div class=\"elementor-column elementor-col-50 elementor-top-column elementor-element elementor-element-fb707c7\" data-id=\"fb707c7\" data-element_type=\"column\" data-e-type=\"column\">\n\t\t\t<div class=\"elementor-widget-wrap elementor-element-populated\">\n\t\t\t\t\t\t<div class=\"elementor-element elementor-element-15405e1 elementor-invisible elementor-widget elementor-widget-html\" data-id=\"15405e1\" data-element_type=\"widget\" data-e-type=\"widget\" data-settings=\"{&quot;_animation&quot;:&quot;slideInUp&quot;,&quot;_animation_delay&quot;:2000}\" data-widget_type=\"html.default\">\n\t\t\t\t<div class=\"elementor-widget-container\">\n\t\t\t\t\t<iframe id=\"kmAppointmentListFrame\" style=\"display:block;box-sizing:border-box;width:100%;max-width:520px;margin:0 auto;height:520px;border:solid 1px #950909;\" src=\"https:\/\/rest.konzertmeister.app\/api\/v3\/org\/OALS_716e2ab7-0867-42c2-99bd-39b4dc0e041d\/upcomingappointments?types=2&limit=5&display=custom&color=293C4E&background=ffffff&hash=c11a9a41b18eb205362e7e1966c17765ee3a18e0a051400ad2b6fedf5c50b301\"><\/iframe>\t\t\t\t<\/div>\n\t\t\t\t<\/div>\n\t\t\t\t\t<\/div>\n\t\t<\/div>\n\t\t\t\t<div class=\"elementor-column elementor-col-50 elementor-top-column elementor-element elementor-element-e7aec5e\" data-id=\"e7aec5e\" data-element_type=\"column\" data-e-type=\"column\">\n\t\t\t<div class=\"elementor-widget-wrap elementor-element-populated\">\n\t\t\t\t\t\t<div class=\"elementor-element elementor-element-d15faab elementor-widget__width-initial elementor-invisible elementor-widget elementor-widget-video\" data-id=\"d15faab\" data-element_type=\"widget\" data-e-type=\"widget\" data-settings=\"{&quot;youtube_url&quot;:&quot;https:\\\/\\\/www.youtube.com\\\/watch?v=nNvh2c_D1U8&quot;,&quot;_animation&quot;:&quot;slideInUp&quot;,&quot;_animation_delay&quot;:2600,&quot;video_type&quot;:&quot;youtube&quot;,&quot;controls&quot;:&quot;yes&quot;}\" data-widget_type=\"video.default\">\n\t\t\t\t<div class=\"elementor-widget-container\">\n\t\t\t\t\t\t\t<div class=\"elementor-wrapper elementor-open-inline\">\n\t\t\t<div class=\"elementor-video\"><\/div>\t\t<\/div>\n\t\t\t\t\t\t<\/div>\n\t\t\t\t<\/div>\n\t\t\t\t\t<\/div>\n\t\t<\/div>\n\t\t\t\t\t<\/div>\n\t\t<\/section>\n\t\t\t\t<\/div>\n\t\t","protected":false},"excerpt":{"rendered":"<p>2026 ist ein ganz besonderes Jahr f\u00fcr den Musikverein Oberlaa. Im M\u00e4rz 1976 wurde der Muskiverein Oberlaa gegr\u00fcndet und so steht das Jahr 2026 ganz im Zeichen unseres Jubil\u00e4ums! Wir planen das ganze Jahr hindurch besondere Momente mit dem Musikverein. Einer diese war am 21.3. die Messe mit anschliessendem Konzert im Stephansdom. https:\/\/www.youtube.com\/watch?v=IykW3C54dx8&#038;list=PLkv-yPm65OObdsD6EbFpxVlSoVUyO6Fia Wir freuen uns \u00fcber Deinen Besuch ! Oberlaa ist ein malerischer kleiner Weinort am S\u00fcdrand von Wien. Baulich noch nicht ganz an die Gro\u00dfstadt angeschlossen, hat Oberlaa seinen d\u00f6rflichen Charakter nicht verloren. Und wie es in den meisten D\u00f6rfern \u00fcblich ist, gibt es auch in Oberlaa ein\u2026<\/p>\n","protected":false},"author":1,"featured_media":0,"parent":0,"menu_order":0,"comment_status":"closed","ping_status":"closed","template":"","meta":{"footnotes":""},"class_list":["post-760","page","type-page","status-publish","hentry"],"blocksy_meta":{"styles_descriptor":{"styles":{"desktop":"","tablet":"","mobile":""},"google_fonts":[],"version":5}},"yoast_head":"<!-- This site is optimized with the Yoast SEO plugin v27.4 - https:\/\/yoast.com\/product\/yoast-seo-wordpress\/ -->\n<title>&quot;50 Jahre&quot; Musikverein Oberlaa!<\/title>\n<meta name=\"description\" content=\"Wir freuen uns \u00fcber Deinen Besuch! Du m\u00f6chtest ein Instrument lernen oder bei uns mitspielen? Dann bist du hier genau richtig. 1100, Laaerbergstra\u00dfe 327-329.\" \/>\n<meta name=\"robots\" content=\"index, follow, max-snippet:-1, max-image-preview:large, max-video-preview:-1\" \/>\n<link rel=\"canonical\" href=\"https:\/\/musikverein-oberlaa.com\/\" \/>\n<meta property=\"og:locale\" content=\"de_DE\" \/>\n<meta property=\"og:type\" content=\"article\" \/>\n<meta property=\"og:title\" content=\"&quot;50 Jahre&quot; Musikverein Oberlaa!\" \/>\n<meta property=\"og:description\" content=\"Wir freuen uns \u00fcber Deinen Besuch! Du m\u00f6chtest ein Instrument lernen oder bei uns mitspielen? Dann bist du hier genau richtig. 1100, Laaerbergstra\u00dfe 327-329.\" \/>\n<meta property=\"og:url\" content=\"https:\/\/musikverein-oberlaa.com\/\" \/>\n<meta property=\"og:site_name\" content=\"Musikverein Oberlaa\" \/>\n<meta property=\"article:publisher\" content=\"https:\/\/www.facebook.com\/mvoberlaa\" \/>\n<meta property=\"article:modified_time\" content=\"2026-04-15T11:37:02+00:00\" \/>\n<meta property=\"og:image\" content=\"https:\/\/musikverein-oberlaa.com\/wp-content\/uploads\/2022\/10\/mvo-graf6-large-1024x511.jpg\" \/>\n<meta name=\"twitter:card\" content=\"summary_large_image\" \/>\n<meta name=\"twitter:label1\" content=\"Gesch\u00e4tzte Lesezeit\" \/>\n\t<meta name=\"twitter:data1\" content=\"2\u00a0Minuten\" \/>\n<script type=\"application\/ld+json\" class=\"yoast-schema-graph\">{\"@context\":\"https:\\\/\\\/schema.org\",\"@graph\":[{\"@type\":\"WebPage\",\"@id\":\"https:\\\/\\\/musikverein-oberlaa.com\\\/\",\"url\":\"https:\\\/\\\/musikverein-oberlaa.com\\\/\",\"name\":\"\\\"50 Jahre\\\" Musikverein Oberlaa!\",\"isPartOf\":{\"@id\":\"https:\\\/\\\/musikverein-oberlaa.com\\\/#website\"},\"primaryImageOfPage\":{\"@id\":\"https:\\\/\\\/musikverein-oberlaa.com\\\/#primaryimage\"},\"image\":{\"@id\":\"https:\\\/\\\/musikverein-oberlaa.com\\\/#primaryimage\"},\"thumbnailUrl\":\"https:\\\/\\\/musikverein-oberlaa.com\\\/wp-content\\\/uploads\\\/2022\\\/10\\\/mvo-graf6-large-1024x511.jpg\",\"datePublished\":\"2022-10-24T19:13:50+00:00\",\"dateModified\":\"2026-04-15T11:37:02+00:00\",\"description\":\"Wir freuen uns \u00fcber Deinen Besuch! Du m\u00f6chtest ein Instrument lernen oder bei uns mitspielen? Dann bist du hier genau richtig. 1100, Laaerbergstra\u00dfe 327-329.\",\"breadcrumb\":{\"@id\":\"https:\\\/\\\/musikverein-oberlaa.com\\\/#breadcrumb\"},\"inLanguage\":\"de\",\"potentialAction\":[{\"@type\":\"ReadAction\",\"target\":[\"https:\\\/\\\/musikverein-oberlaa.com\\\/\"]}]},{\"@type\":\"ImageObject\",\"inLanguage\":\"de\",\"@id\":\"https:\\\/\\\/musikverein-oberlaa.com\\\/#primaryimage\",\"url\":\"https:\\\/\\\/musikverein-oberlaa.com\\\/wp-content\\\/uploads\\\/2022\\\/10\\\/mvo-graf6-large.jpg\",\"contentUrl\":\"https:\\\/\\\/musikverein-oberlaa.com\\\/wp-content\\\/uploads\\\/2022\\\/10\\\/mvo-graf6-large.jpg\",\"width\":1514,\"height\":756,\"caption\":\"\u00d6sterreichischen Blasorchesterwettbewerb 2021 in Grafenegg\"},{\"@type\":\"BreadcrumbList\",\"@id\":\"https:\\\/\\\/musikverein-oberlaa.com\\\/#breadcrumb\",\"itemListElement\":[{\"@type\":\"ListItem\",\"position\":1,\"name\":\"Startseite\",\"item\":\"https:\\\/\\\/musikverein-oberlaa.com\\\/\"},{\"@type\":\"ListItem\",\"position\":2,\"name\":\"&#8222;50 Jahre&#8220; Musikverein Oberlaa!\"}]},{\"@type\":\"WebSite\",\"@id\":\"https:\\\/\\\/musikverein-oberlaa.com\\\/#website\",\"url\":\"https:\\\/\\\/musikverein-oberlaa.com\\\/\",\"name\":\"Musikverein Oberlaa\",\"description\":\"\",\"publisher\":{\"@id\":\"https:\\\/\\\/musikverein-oberlaa.com\\\/#organization\"},\"alternateName\":\"MVO\",\"potentialAction\":[{\"@type\":\"SearchAction\",\"target\":{\"@type\":\"EntryPoint\",\"urlTemplate\":\"https:\\\/\\\/musikverein-oberlaa.com\\\/?s={search_term_string}\"},\"query-input\":{\"@type\":\"PropertyValueSpecification\",\"valueRequired\":true,\"valueName\":\"search_term_string\"}}],\"inLanguage\":\"de\"},{\"@type\":\"Organization\",\"@id\":\"https:\\\/\\\/musikverein-oberlaa.com\\\/#organization\",\"name\":\"Musikverein Oberlaa\",\"alternateName\":\"MVO\",\"url\":\"https:\\\/\\\/musikverein-oberlaa.com\\\/\",\"logo\":{\"@type\":\"ImageObject\",\"inLanguage\":\"de\",\"@id\":\"https:\\\/\\\/musikverein-oberlaa.com\\\/#\\\/schema\\\/logo\\\/image\\\/\",\"url\":\"https:\\\/\\\/musikverein-oberlaa.com\\\/wp-content\\\/uploads\\\/2022\\\/10\\\/logo.png\",\"contentUrl\":\"https:\\\/\\\/musikverein-oberlaa.com\\\/wp-content\\\/uploads\\\/2022\\\/10\\\/logo.png\",\"width\":150,\"height\":164,\"caption\":\"Musikverein Oberlaa\"},\"image\":{\"@id\":\"https:\\\/\\\/musikverein-oberlaa.com\\\/#\\\/schema\\\/logo\\\/image\\\/\"},\"sameAs\":[\"https:\\\/\\\/www.facebook.com\\\/mvoberlaa\",\"https:\\\/\\\/www.instagram.com\\\/mvoberlaa\\\/\"]}]}<\/script>\n<!-- \/ Yoast SEO plugin. -->","yoast_head_json":{"title":"\"50 Jahre\" Musikverein Oberlaa!","description":"Wir freuen uns \u00fcber Deinen Besuch! Du m\u00f6chtest ein Instrument lernen oder bei uns mitspielen? Dann bist du hier genau richtig. 1100, Laaerbergstra\u00dfe 327-329.","robots":{"index":"index","follow":"follow","max-snippet":"max-snippet:-1","max-image-preview":"max-image-preview:large","max-video-preview":"max-video-preview:-1"},"canonical":"https:\/\/musikverein-oberlaa.com\/","og_locale":"de_DE","og_type":"article","og_title":"\"50 Jahre\" Musikverein Oberlaa!","og_description":"Wir freuen uns \u00fcber Deinen Besuch! Du m\u00f6chtest ein Instrument lernen oder bei uns mitspielen? Dann bist du hier genau richtig. 1100, Laaerbergstra\u00dfe 327-329.","og_url":"https:\/\/musikverein-oberlaa.com\/","og_site_name":"Musikverein Oberlaa","article_publisher":"https:\/\/www.facebook.com\/mvoberlaa","article_modified_time":"2026-04-15T11:37:02+00:00","og_image":[{"url":"https:\/\/musikverein-oberlaa.com\/wp-content\/uploads\/2022\/10\/mvo-graf6-large-1024x511.jpg","type":"","width":"","height":""}],"twitter_card":"summary_large_image","twitter_misc":{"Gesch\u00e4tzte Lesezeit":"2\u00a0Minuten"},"schema":{"@context":"https:\/\/schema.org","@graph":[{"@type":"WebPage","@id":"https:\/\/musikverein-oberlaa.com\/","url":"https:\/\/musikverein-oberlaa.com\/","name":"\"50 Jahre\" Musikverein Oberlaa!","isPartOf":{"@id":"https:\/\/musikverein-oberlaa.com\/#website"},"primaryImageOfPage":{"@id":"https:\/\/musikverein-oberlaa.com\/#primaryimage"},"image":{"@id":"https:\/\/musikverein-oberlaa.com\/#primaryimage"},"thumbnailUrl":"https:\/\/musikverein-oberlaa.com\/wp-content\/uploads\/2022\/10\/mvo-graf6-large-1024x511.jpg","datePublished":"2022-10-24T19:13:50+00:00","dateModified":"2026-04-15T11:37:02+00:00","description":"Wir freuen uns \u00fcber Deinen Besuch! Du m\u00f6chtest ein Instrument lernen oder bei uns mitspielen? Dann bist du hier genau richtig. 1100, Laaerbergstra\u00dfe 327-329.","breadcrumb":{"@id":"https:\/\/musikverein-oberlaa.com\/#breadcrumb"},"inLanguage":"de","potentialAction":[{"@type":"ReadAction","target":["https:\/\/musikverein-oberlaa.com\/"]}]},{"@type":"ImageObject","inLanguage":"de","@id":"https:\/\/musikverein-oberlaa.com\/#primaryimage","url":"https:\/\/musikverein-oberlaa.com\/wp-content\/uploads\/2022\/10\/mvo-graf6-large.jpg","contentUrl":"https:\/\/musikverein-oberlaa.com\/wp-content\/uploads\/2022\/10\/mvo-graf6-large.jpg","width":1514,"height":756,"caption":"\u00d6sterreichischen Blasorchesterwettbewerb 2021 in Grafenegg"},{"@type":"BreadcrumbList","@id":"https:\/\/musikverein-oberlaa.com\/#breadcrumb","itemListElement":[{"@type":"ListItem","position":1,"name":"Startseite","item":"https:\/\/musikverein-oberlaa.com\/"},{"@type":"ListItem","position":2,"name":"&#8222;50 Jahre&#8220; Musikverein Oberlaa!"}]},{"@type":"WebSite","@id":"https:\/\/musikverein-oberlaa.com\/#website","url":"https:\/\/musikverein-oberlaa.com\/","name":"Musikverein Oberlaa","description":"","publisher":{"@id":"https:\/\/musikverein-oberlaa.com\/#organization"},"alternateName":"MVO","potentialAction":[{"@type":"SearchAction","target":{"@type":"EntryPoint","urlTemplate":"https:\/\/musikverein-oberlaa.com\/?s={search_term_string}"},"query-input":{"@type":"PropertyValueSpecification","valueRequired":true,"valueName":"search_term_string"}}],"inLanguage":"de"},{"@type":"Organization","@id":"https:\/\/musikverein-oberlaa.com\/#organization","name":"Musikverein Oberlaa","alternateName":"MVO","url":"https:\/\/musikverein-oberlaa.com\/","logo":{"@type":"ImageObject","inLanguage":"de","@id":"https:\/\/musikverein-oberlaa.com\/#\/schema\/logo\/image\/","url":"https:\/\/musikverein-oberlaa.com\/wp-content\/uploads\/2022\/10\/logo.png","contentUrl":"https:\/\/musikverein-oberlaa.com\/wp-content\/uploads\/2022\/10\/logo.png","width":150,"height":164,"caption":"Musikverein Oberlaa"},"image":{"@id":"https:\/\/musikverein-oberlaa.com\/#\/schema\/logo\/image\/"},"sameAs":["https:\/\/www.facebook.com\/mvoberlaa","https:\/\/www.instagram.com\/mvoberlaa\/"]}]}},"_links":{"self":[{"href":"https:\/\/musikverein-oberlaa.com\/index.php\/wp-json\/wp\/v2\/pages\/760","targetHints":{"allow":["GET"]}}],"collection":[{"href":"https:\/\/musikverein-oberlaa.com\/index.php\/wp-json\/wp\/v2\/pages"}],"about":[{"href":"https:\/\/musikverein-oberlaa.com\/index.php\/wp-json\/wp\/v2\/types\/page"}],"author":[{"embeddable":true,"href":"https:\/\/musikverein-oberlaa.com\/index.php\/wp-json\/wp\/v2\/users\/1"}],"replies":[{"embeddable":true,"href":"https:\/\/musikverein-oberlaa.com\/index.php\/wp-json\/wp\/v2\/comments?post=760"}],"version-history":[{"count":543,"href":"https:\/\/musikverein-oberlaa.com\/index.php\/wp-json\/wp\/v2\/pages\/760\/revisions"}],"predecessor-version":[{"id":2918,"href":"https:\/\/musikverein-oberlaa.com\/index.php\/wp-json\/wp\/v2\/pages\/760\/revisions\/2918"}],"wp:attachment":[{"href":"https:\/\/musikverein-oberlaa.com\/index.php\/wp-json\/wp\/v2\/media?parent=760"}],"curies":[{"name":"wp","href":"https:\/\/api.w.org\/{rel}","templated":true}]}}